{"id":13508,"date":"2013-11-20T15:12:14","date_gmt":"2013-11-20T14:12:14","guid":{"rendered":"https:\/\/www.afrikatiss.org\/contact-us\/"},"modified":"2021-10-05T09:21:05","modified_gmt":"2021-10-05T08:21:05","slug":"contact-us","status":"publish","type":"page","link":"https:\/\/www.afrikatiss.org\/en\/contact-us\/","title":{"rendered":"Contact us"},"content":{"rendered":"<p>[et_pb_section fb_built=&#8221;1&#8243; _builder_version=&#8221;3.22&#8243; width=&#8221;100%&#8221;][et_pb_row _builder_version=&#8221;3.25&#8243; width=&#8221;100%&#8221; max_width=&#8221;105%&#8221;][et_pb_column type=&#8221;4_4&#8243; _builder_version=&#8221;3.25&#8243; custom_padding=&#8221;|||&#8221; custom_padding__hover=&#8221;|||&#8221;][et_pb_image src=&#8221;https:\/\/www.afrikatiss.org\/wp-content\/uploads\/2019\/11\/IMG_8943-min-min.jpg&#8221; alt=&#8221;boutique africaine paris&#8221; align=&#8221;center&#8221; align_tablet=&#8221;center&#8221; align_last_edited=&#8221;on|desktop&#8221; _builder_version=&#8221;3.23&#8243; width=&#8221;80%&#8221; max_width=&#8221;100%&#8221; custom_margin=&#8221;|||||&#8221; custom_padding=&#8221;|||||&#8221;][\/et_pb_image][et_pb_text _builder_version=&#8221;4.9.10&#8243; header_font=&#8221;Dinpro|700|||||||&#8221; header_text_align=&#8221;center&#8221; header_text_color=&#8221;#4d5f70&#8243; header_font_size=&#8221;20px&#8221; header_line_height=&#8221;1.5em&#8221; custom_margin=&#8221;20px||&#8221; hover_enabled=&#8221;0&#8243; sticky_enabled=&#8221;0&#8243;]<\/p>\n<p style=\"text-align: center;\"><strong>Nous contacter<\/strong><\/p>\n<h1>Afrika Tiss, African boutique in Paris<\/h1>\n<p>[\/et_pb_text][\/et_pb_column][\/et_pb_row][et_pb_row _builder_version=&#8221;3.25&#8243; background_size=&#8221;initial&#8221; background_position=&#8221;top_left&#8221; background_repeat=&#8221;repeat&#8221; custom_padding=&#8221;||111px|||&#8221; column_structure=&#8221;1_2,1_2&#8243;][et_pb_column type=&#8221;1_2&#8243; _builder_version=&#8221;3.25&#8243; custom_padding=&#8221;|||&#8221; custom_padding__hover=&#8221;|||&#8221;][et_pb_text _builder_version=&#8221;3.27.4&#8243;]<\/p>\n<p style=\"text-align: center;\"><strong>AFRIKA TISS<\/strong>\u00a0<\/p>\n<p style=\"text-align: center;\"><strong>Email: contact@afrikatiss.org<\/strong><\/p>\n<p>[\/et_pb_text][\/et_pb_column][et_pb_column type=&#8221;1_2&#8243; _builder_version=&#8221;3.25&#8243; custom_padding=&#8221;|||&#8221; custom_padding__hover=&#8221;|||&#8221;][et_pb_text admin_label=&#8221;formulaire&#8221; _builder_version=&#8221;3.27.4&#8243;]<div role=\"form\" class=\"wpcf7\" id=\"wpcf7-f356-o1\" lang=\"fr-FR\" dir=\"ltr\">\n<div class=\"screen-reader-response\"><p role=\"status\" aria-live=\"polite\" aria-atomic=\"true\"><\/p> <ul><\/ul><\/div>\n<form action=\"\/en\/wp-json\/wp\/v2\/pages\/13508#wpcf7-f356-o1\" method=\"post\" class=\"wpcf7-form init\" novalidate=\"novalidate\" data-status=\"init\">\n<div style=\"display: none;\">\n<input type=\"hidden\" name=\"_wpcf7\" value=\"356\" \/>\n<input type=\"hidden\" name=\"_wpcf7_version\" value=\"5.4.2\" \/>\n<input type=\"hidden\" name=\"_wpcf7_locale\" value=\"fr_FR\" \/>\n<input type=\"hidden\" name=\"_wpcf7_unit_tag\" value=\"wpcf7-f356-o1\" \/>\n<input type=\"hidden\" name=\"_wpcf7_container_post\" value=\"0\" \/>\n<input type=\"hidden\" name=\"_wpcf7_posted_data_hash\" value=\"\" \/>\n<\/div>\n<p>Votre nom (obligatoire)<br \/>\n    <span class=\"wpcf7-form-control-wrap your-name\"><input type=\"text\" name=\"your-name\" value=\"\" size=\"40\" class=\"wpcf7-form-control wpcf7-text wpcf7-validates-as-required\" aria-required=\"true\" aria-invalid=\"false\" \/><\/span> <\/p>\n<p>Votre email (obligatoire)<br \/>\n    <span class=\"wpcf7-form-control-wrap your-email\"><input type=\"email\" name=\"your-email\" value=\"\" size=\"40\" class=\"wpcf7-form-control wpcf7-text wpcf7-email wpcf7-validates-as-required wpcf7-validates-as-email\" aria-required=\"true\" aria-invalid=\"false\" \/><\/span> <\/p>\n<p>Sujet<br \/>\n    <span class=\"wpcf7-form-control-wrap your-subject\"><input type=\"text\" name=\"your-subject\" value=\"\" size=\"40\" class=\"wpcf7-form-control wpcf7-text\" aria-invalid=\"false\" \/><\/span> <\/p>\n<p>Votre message<br \/>\n    <span class=\"wpcf7-form-control-wrap your-message\"><textarea name=\"your-message\" cols=\"40\" rows=\"10\" class=\"wpcf7-form-control wpcf7-textarea\" aria-invalid=\"false\"><\/textarea><\/span> <\/p>\n<p><input type=\"submit\" value=\"Envoyer\" class=\"wpcf7-form-control wpcf7-submit\" \/><\/p>\n<div class=\"wpcf7-response-output\" aria-hidden=\"true\"><\/div><\/form><\/div><br \/>\n[\/et_pb_text][\/et_pb_column][\/et_pb_row][et_pb_row _builder_version=&#8221;3.25&#8243;][et_pb_column type=&#8221;4_4&#8243; _builder_version=&#8221;3.25&#8243; custom_padding=&#8221;|||&#8221; custom_padding__hover=&#8221;|||&#8221;][et_pb_text _builder_version=&#8221;4.9.10&#8243; hover_enabled=&#8221;0&#8243; sticky_enabled=&#8221;0&#8243;]<\/p>\n<h2 style=\"text-align: center;\"><strong>Afrika Tiss&#8217;s store in Grands Voisins<\/strong><\/h2>\n<h3 style=\"text-align: center; font-size: 15px;\"><span style=\"text-decoration: underline;\"><em>LA BOUTIQUE AFRICAINE \u00c0 PARIS<\/em><\/span><\/h3>\n<p>[\/et_pb_text][\/et_pb_column][\/et_pb_row][et_pb_row _builder_version=&#8221;3.25&#8243;][et_pb_column type=&#8221;4_4&#8243; _builder_version=&#8221;3.25&#8243; custom_padding=&#8221;|||&#8221; custom_padding__hover=&#8221;|||&#8221;][et_pb_text _builder_version=&#8221;3.27.4&#8243;]<span style=\"font-size: 12pt;\"><sup>Not far from the Montparnasse district and a few minutes from the Place Denfert-Rochereau, discover our <strong>African shop<\/strong> in Paris 14t<\/sup><\/span><\/p>\n<p>Our showroom is part of the Boutiques-ateliers des Grands Voisins, situated here during the construction of the future eco-district of the former Saint-Vincent-de-Paul hospital. In this new kind of market place &#8211; both ethical and sustainable &#8211; social work, networking, exchange and the valorization of craftsmenship are at the heart of everyone&#8217;s development.[\/et_pb_text][\/et_pb_column][\/et_pb_row][et_pb_row _builder_version=&#8221;3.25&#8243; custom_padding=&#8221;0px|||||&#8221; column_structure=&#8221;1_2,1_2&#8243;][et_pb_column type=&#8221;1_2&#8243; _builder_version=&#8221;3.25&#8243; custom_padding=&#8221;|||&#8221; custom_padding__hover=&#8221;|||&#8221;][et_pb_text _builder_version=&#8221;3.27.4&#8243;]<\/p>\n<p style=\"font-weight: 400;\">L\u2019un des enjeux de ce p\u00f4le de boutiques-ateliers est de favoriser une consommation plus qualitative en mettant aussi en avant des produits locaux, constitu\u00e9s et produits directement sur le site. Le format d\u2019une boutique-atelier permet de rendre compte directement du travail de l\u2019artisan ou de l\u2019artiste. Cela permet une proximit\u00e9 et un dialogue suppl\u00e9mentaire entre le client et le producteur. Cette d\u00e9marche vise \u00e9galement \u00e0 tisser des liens sociaux et solidaires, \u00e0 la fois entre les personnes travaillant ensemble sur le site ainsi qu\u2019avec des visiteurs.<\/p>\n<p style=\"font-weight: 400;\"><span>Les boutiques-ateliers des Grands Voisins regroupent plus d\u2019une vingtaine d\u2019acteurs avec une grande diversit\u00e9 d\u2019activit\u00e9s : mode, accessoires, bijoux, plantes, art, photographie, d\u00e9coration, \u00e9dition et alimentation. 26 espaces o\u00f9 acheter une cr\u00e9ation engag\u00e9e, ambitieuse et de qualit\u00e9.\u00a0<\/span><\/p>\n<p>[\/et_pb_text][\/et_pb_column][et_pb_column type=&#8221;1_2&#8243; _builder_version=&#8221;3.25&#8243; custom_padding=&#8221;|||&#8221; custom_padding__hover=&#8221;|||&#8221;][et_pb_image src=&#8221;https:\/\/www.afrikatiss.org\/wp-content\/uploads\/2019\/09\/IMG_8990-min.jpg&#8221; alt=&#8221;boutique africaine paris&#8221; align_tablet=&#8221;center&#8221; align_last_edited=&#8221;on|desktop&#8221; _builder_version=&#8221;3.23&#8243;][\/et_pb_image][\/et_pb_column][\/et_pb_row][et_pb_row _builder_version=&#8221;3.25&#8243;][et_pb_column type=&#8221;4_4&#8243; _builder_version=&#8221;3.25&#8243; custom_padding=&#8221;|||&#8221; custom_padding__hover=&#8221;|||&#8221;][et_pb_text _builder_version=&#8221;3.27.4&#8243; text_font=&#8221;Dinpro||||||||&#8221; inline_fonts=&#8221;Dinpro&#8221;]<\/p>\n<p><span style=\"font-size: 17px; font-family: 'Open Sans', Arial, sans-serif;\">Dans notre<\/span><span style=\"font-size: 17px; font-family: 'Open Sans', Arial, sans-serif;\">\u00a0<\/span><strong style=\"font-size: 17px;\">boutique africaine Paris<\/strong><span style=\"font-size: 17px; font-family: 'Open Sans', Arial, sans-serif;\">\u00a0<\/span><span style=\"font-size: 17px; font-family: 'Open Sans', Arial, sans-serif;\">14<\/span><sup style=\"font-family: 'Open Sans', Arial, sans-serif;\">\u00e8me<\/sup><span style=\"font-size: 17px; font-family: 'Open Sans', Arial, sans-serif;\">, \u00a0situ\u00e9e Galerie de l\u2019Oratoire entre les 2 principales Cours des Grands Voisins, vous d\u00e9couvrirez en avant-premi\u00e8re nos collections d\u2019accessoires textiles r\u00e9alis\u00e9es au sein de notre atelier \u00e0 Ouagadougou ainsi que les bijoux et objets de d\u00e9coration<span style=\"font-family: Dinpro;\"> fa\u00e7onn\u00e9s par de talentueux artisans Touaregs r\u00e9fugi\u00e9s. Nous vous proposons<\/span> \u00e9galement des tr\u00e9sors d\u00e9nich\u00e9s au Burkina Faso ou dans les pays avoisinants et mettant \u00e0 l\u2019honneur le meilleur de l\u2019artisanat africain.<\/span><\/p>\n<p>Ne ratez pas non plus les rendez-vous mensuels des Grands Voisins qui rythment la vie du site et notamment\u00a0:<\/p>\n<p>&#8211; \u00a0le march\u00e9 mensuel, le 3\u00e8me dimanche du mois, dans les deux cours int\u00e9rieures du site. Il est souvent suivi d\u2019un bal Milonga dans la salle de la Pouponni\u00e8re.<\/p>\n<p>&#8211; La Journ\u00e9e des Cr\u00e9ateurs qui a lieu une fois par saison dans la Cour Robin avec une s\u00e9lection de cr\u00e9ateurs invit\u00e9s.<\/p>\n<p>[\/et_pb_text][\/et_pb_column][\/et_pb_row][\/et_pb_section]<\/p>\n","protected":false},"excerpt":{"rendered":"<p>Nous contacter Afrika Tiss, African boutique in Paris AFRIKA TISS\u00a0 Email: contact@afrikatiss.org Votre nom (obligatoire) Votre email (obligatoire) Sujet Votre message Afrika Tiss&#8217;s store in Grands Voisins LA BOUTIQUE AFRICAINE \u00c0 PARIS Not far from the Montparnasse district and a few minutes from the Place Denfert-Rochereau, discover our African shop in Paris 14t Our showroom [&hellip;]<\/p>\n","protected":false},"author":1,"featured_media":0,"parent":0,"menu_order":0,"comment_status":"open","ping_status":"closed","template":"","meta":{"_et_pb_use_builder":"on","_et_pb_old_content":"<p style=\"text-align: center;\"><strong>AFRIKA TISS<br \/> 11 RUE JONQUOY<br \/> 75014 PARIS<\/strong><\/p><p>\u00a0<\/p><p style=\"text-align: center;\"><strong>Email: contact(at)afrikatiss.org<\/strong><br \/> <strong>Tel: 01 45 41 91 29<\/strong><\/p>","_et_gb_content_width":"","spay_email":""},"yoast_head":"<!-- This site is optimized with the Yoast SEO plugin v16.7 - https:\/\/yoast.com\/wordpress\/plugins\/seo\/ -->\n<title>Contact us - Afrika Tiss<\/title>\n<meta name=\"description\" content=\"Contact our African shop in Paris located at Les Grands Voisins, for more information on our ethical hand made creations.\" \/>\n<meta name=\"robots\" content=\"index, follow, max-snippet:-1, max-image-preview:large, max-video-preview:-1\" \/>\n<link rel=\"canonical\" href=\"https:\/\/www.afrikatiss.org\/en\/nous-contacter-boutique-africaine-paris\/\" \/>\n<meta property=\"og:locale\" content=\"en_US\" \/>\n<meta property=\"og:type\" content=\"article\" \/>\n<meta property=\"og:title\" content=\"Contact us - Afrika Tiss\" \/>\n<meta property=\"og:description\" content=\"Contact our African shop in Paris located at Les Grands Voisins, for more information on our ethical hand made creations.\" \/>\n<meta property=\"og:url\" content=\"https:\/\/www.afrikatiss.org\/nous-contacter-boutique-africaine-paris\/\" \/>\n<meta property=\"og:site_name\" content=\"Afrika Tiss\" \/>\n<meta property=\"article:modified_time\" content=\"2021-10-05T08:21:05+00:00\" \/>\n<meta name=\"twitter:card\" content=\"summary_large_image\" \/>\n<meta name=\"twitter:label1\" content=\"Est. reading time\" \/>\n\t<meta name=\"twitter:data1\" content=\"4 minutes\" \/>\n<script type=\"application\/ld+json\" class=\"yoast-schema-graph\">{\"@context\":\"https:\/\/schema.org\",\"@graph\":[{\"@type\":\"WebSite\",\"@id\":\"https:\/\/www.afrikatiss.org\/#website\",\"url\":\"https:\/\/www.afrikatiss.org\/\",\"name\":\"Afrika Tiss\",\"description\":\"artisanat solidaire \",\"potentialAction\":[{\"@type\":\"SearchAction\",\"target\":{\"@type\":\"EntryPoint\",\"urlTemplate\":\"https:\/\/www.afrikatiss.org\/?s={search_term_string}\"},\"query-input\":\"required name=search_term_string\"}],\"inLanguage\":\"en-US\"},{\"@type\":\"WebPage\",\"@id\":\"https:\/\/www.afrikatiss.org\/nous-contacter-boutique-africaine-paris\/#webpage\",\"url\":\"https:\/\/www.afrikatiss.org\/nous-contacter-boutique-africaine-paris\/\",\"name\":\"Contact us - Afrika Tiss\",\"isPartOf\":{\"@id\":\"https:\/\/www.afrikatiss.org\/#website\"},\"datePublished\":\"2013-11-20T14:12:14+00:00\",\"dateModified\":\"2021-10-05T08:21:05+00:00\",\"description\":\"Contact our African shop in Paris located at Les Grands Voisins, for more information on our ethical hand made creations.\",\"breadcrumb\":{\"@id\":\"https:\/\/www.afrikatiss.org\/nous-contacter-boutique-africaine-paris\/#breadcrumb\"},\"inLanguage\":\"en-US\",\"potentialAction\":[{\"@type\":\"ReadAction\",\"target\":[\"https:\/\/www.afrikatiss.org\/nous-contacter-boutique-africaine-paris\/\"]}]},{\"@type\":\"BreadcrumbList\",\"@id\":\"https:\/\/www.afrikatiss.org\/nous-contacter-boutique-africaine-paris\/#breadcrumb\",\"itemListElement\":[{\"@type\":\"ListItem\",\"position\":1,\"name\":\"Accueil\",\"item\":\"https:\/\/www.afrikatiss.org\/\"},{\"@type\":\"ListItem\",\"position\":2,\"name\":\"Contact us\"}]}]}<\/script>\n<!-- \/ Yoast SEO plugin. -->","yoast_head_json":{"title":"Contact us - Afrika Tiss","description":"Contact our African shop in Paris located at Les Grands Voisins, for more information on our ethical hand made creations.","robots":{"index":"index","follow":"follow","max-snippet":"max-snippet:-1","max-image-preview":"max-image-preview:large","max-video-preview":"max-video-preview:-1"},"canonical":"https:\/\/www.afrikatiss.org\/en\/nous-contacter-boutique-africaine-paris\/","og_locale":"en_US","og_type":"article","og_title":"Contact us - Afrika Tiss","og_description":"Contact our African shop in Paris located at Les Grands Voisins, for more information on our ethical hand made creations.","og_url":"https:\/\/www.afrikatiss.org\/nous-contacter-boutique-africaine-paris\/","og_site_name":"Afrika Tiss","article_modified_time":"2021-10-05T08:21:05+00:00","twitter_card":"summary_large_image","twitter_misc":{"Est. reading time":"4 minutes"},"schema":{"@context":"https:\/\/schema.org","@graph":[{"@type":"WebSite","@id":"https:\/\/www.afrikatiss.org\/#website","url":"https:\/\/www.afrikatiss.org\/","name":"Afrika Tiss","description":"artisanat solidaire ","potentialAction":[{"@type":"SearchAction","target":{"@type":"EntryPoint","urlTemplate":"https:\/\/www.afrikatiss.org\/?s={search_term_string}"},"query-input":"required name=search_term_string"}],"inLanguage":"en-US"},{"@type":"WebPage","@id":"https:\/\/www.afrikatiss.org\/nous-contacter-boutique-africaine-paris\/#webpage","url":"https:\/\/www.afrikatiss.org\/nous-contacter-boutique-africaine-paris\/","name":"Contact us - Afrika Tiss","isPartOf":{"@id":"https:\/\/www.afrikatiss.org\/#website"},"datePublished":"2013-11-20T14:12:14+00:00","dateModified":"2021-10-05T08:21:05+00:00","description":"Contact our African shop in Paris located at Les Grands Voisins, for more information on our ethical hand made creations.","breadcrumb":{"@id":"https:\/\/www.afrikatiss.org\/nous-contacter-boutique-africaine-paris\/#breadcrumb"},"inLanguage":"en-US","potentialAction":[{"@type":"ReadAction","target":["https:\/\/www.afrikatiss.org\/nous-contacter-boutique-africaine-paris\/"]}]},{"@type":"BreadcrumbList","@id":"https:\/\/www.afrikatiss.org\/nous-contacter-boutique-africaine-paris\/#breadcrumb","itemListElement":[{"@type":"ListItem","position":1,"name":"Accueil","item":"https:\/\/www.afrikatiss.org\/"},{"@type":"ListItem","position":2,"name":"Contact us"}]}]}},"jetpack_shortlink":"https:\/\/wp.me\/P49s5c-3vS","jetpack_sharing_enabled":true,"_links":{"self":[{"href":"https:\/\/www.afrikatiss.org\/en\/wp-json\/wp\/v2\/pages\/13508"}],"collection":[{"href":"https:\/\/www.afrikatiss.org\/en\/wp-json\/wp\/v2\/pages"}],"about":[{"href":"https:\/\/www.afrikatiss.org\/en\/wp-json\/wp\/v2\/types\/page"}],"author":[{"embeddable":true,"href":"https:\/\/www.afrikatiss.org\/en\/wp-json\/wp\/v2\/users\/1"}],"replies":[{"embeddable":true,"href":"https:\/\/www.afrikatiss.org\/en\/wp-json\/wp\/v2\/comments?post=13508"}],"version-history":[{"count":8,"href":"https:\/\/www.afrikatiss.org\/en\/wp-json\/wp\/v2\/pages\/13508\/revisions"}],"predecessor-version":[{"id":15433,"href":"https:\/\/www.afrikatiss.org\/en\/wp-json\/wp\/v2\/pages\/13508\/revisions\/15433"}],"wp:attachment":[{"href":"https:\/\/www.afrikatiss.org\/en\/wp-json\/wp\/v2\/media?parent=13508"}],"curies":[{"name":"wp","href":"https:\/\/api.w.org\/{rel}","templated":true}]}}