{"id":12769,"date":"2019-11-19T17:12:02","date_gmt":"2019-11-19T17:12:02","guid":{"rendered":"https:\/\/www.afrikatiss.org\/?post_type=product&#038;p=12769"},"modified":"2021-03-16T21:21:27","modified_gmt":"2021-03-16T20:21:27","slug":"pochette-tissu","status":"publish","type":"product","link":"https:\/\/www.afrikatiss.org\/en\/produit\/pochette-tissu\/","title":{"rendered":"POCHETTE DAAZOU &#8211; Grain de riz"},"content":{"rendered":"<p>[et_pb_section fb_built=&#8221;1&#8243; _builder_version=&#8221;3.22&#8243; custom_padding=&#8221;0|0px|49px|0px|false|false&#8221;][et_pb_row custom_padding=&#8221;29px|0px|30px|0px|false|false&#8221; _builder_version=&#8221;3.22&#8243;][et_pb_column type=&#8221;1_4&#8243; _builder_version=&#8221;3.19.17&#8243;][et_pb_image src=&#8221;https:\/\/www.afrikatiss.org\/wp-content\/uploads\/2019\/03\/box-2.png&#8221; _builder_version=&#8221;3.19.17&#8243; max_width=&#8221;15%&#8221; module_alignment=&#8221;center&#8221;][\/et_pb_image][et_pb_text _builder_version=&#8221;3.19.17&#8243;]<\/p>\n<p style=\"text-align: center;\">Livraison \u00e0 domicile \/ en point relais\u00a0<em>(GRATUIT \u00e0 partir de 75\u20ac)<\/em><\/p>\n<p>[\/et_pb_text][\/et_pb_column][et_pb_column type=&#8221;1_4&#8243; _builder_version=&#8221;3.19.17&#8243;][et_pb_image src=&#8221;https:\/\/www.afrikatiss.org\/wp-content\/uploads\/2019\/03\/lock-3.png&#8221; _builder_version=&#8221;3.19.17&#8243; max_width=&#8221;15%&#8221; module_alignment=&#8221;center&#8221;][\/et_pb_image][et_pb_text _builder_version=&#8221;3.19.17&#8243;]<\/p>\n<p style=\"text-align: center;\">Paiement 100% s\u00e9curis\u00e9 en CB<\/p>\n<p>[\/et_pb_text][\/et_pb_column][et_pb_column type=&#8221;1_4&#8243; _builder_version=&#8221;3.19.17&#8243;][et_pb_image src=&#8221;https:\/\/www.afrikatiss.org\/wp-content\/uploads\/2019\/03\/recommended.png&#8221; _builder_version=&#8221;3.19.17&#8243; max_width=&#8221;15%&#8221; module_alignment=&#8221;center&#8221;][\/et_pb_image][et_pb_text _builder_version=&#8221;3.19.17&#8243;]<\/p>\n<p style=\"text-align: center;\">Pochette artisanale en coton tiss\u00e9e \u00e0 la main au Burkina Faso<\/p>\n<p>[\/et_pb_text][\/et_pb_column][et_pb_column type=&#8221;1_4&#8243; _builder_version=&#8221;3.19.17&#8243;][et_pb_image src=&#8221;https:\/\/www.afrikatiss.org\/wp-content\/uploads\/2019\/03\/exchange-arrows.png&#8221; _builder_version=&#8221;3.19.17&#8243; max_width=&#8221;15%&#8221; module_alignment=&#8221;center&#8221;][\/et_pb_image][et_pb_text _builder_version=&#8221;3.22.1&#8243;]<\/p>\n<p style=\"text-align: center;\">Echange <em>GRATUIT<\/em><\/p>\n<p>[\/et_pb_text][\/et_pb_column][\/et_pb_row][et_pb_row custom_padding=&#8221;||0px|||&#8221; _builder_version=&#8221;3.22.1&#8243;][et_pb_column type=&#8221;4_4&#8243; _builder_version=&#8221;3.22.1&#8243;][et_pb_text _builder_version=&#8221;3.22.1&#8243; header_font=&#8221;Dinpro-bold|700|||||||&#8221; header_text_color=&#8221;#4d5f70&#8243; header_font_size=&#8221;20px&#8221;]<\/p>\n<h1 class=\"modal-title\">Une pochette en tissu<span>\u00a0<\/span><\/h1>\n<p>[\/et_pb_text][\/et_pb_column][\/et_pb_row][et_pb_row _builder_version=&#8221;3.22&#8243;][et_pb_column type=&#8221;4_4&#8243; _builder_version=&#8221;3.19.17&#8243;][et_pb_text _builder_version=&#8221;3.22.1&#8243;]<\/p>\n<p><span style=\"font-weight: 400;\">La marque<strong> Afrika Tiss<\/strong> est n\u00e9e d\u2019une ambition, celle de valoriser et diffuser la richesse du patrimoine textile africain. Il s\u2019agit d\u2019encourager la pr\u00e9servation et le renouveau de techniques ancestrales oubli\u00e9es tout en contribuant au d\u00e9veloppement \u00e9conomique de populations d\u00e9favoris\u00e9es. La <strong>pochette en tissu\u00a0Daazou<\/strong>\u00a0est aujourd&#8217;hui un classique de notre collection.\u00a0<\/span><\/p>\n<p><span style=\"font-weight: 400;\">Les pi\u00e8ces de notre collection Mode \u2013 d\u00e9clin\u00e9e en sacs, pochettes en tissu, trousses, \u00e9toles \u2013 transportent dans leurs lignes m\u00e9tiss\u00e9es le r\u00e9sultat d\u2019une qu\u00eate subtile entre coutume et innovation, design et artisanat.<\/span><\/p>\n<p><span style=\"font-weight: 400;\">La <strong>pochette en tissu\u00a0Daazou<\/strong> est une pi\u00e8ce unique, historique chez Afrika Tiss, d\u00e9clin\u00e9es en plusieurs tailles et couleurs pour tous les go\u00fbts. Elle est intemporelle et indispensable !<\/span><\/p>\n<p><strong>Conseils d&#8217;entretien :\u00a0<\/strong>Lavage en machine \u00e0 froid. S\u00e9chage \u00e0 plat.<\/p>\n<p><span style=\"font-weight: 400;\"><\/span><\/p>\n<p><span style=\"font-weight: 400;\"><\/span><\/p>\n<p>[\/et_pb_text][\/et_pb_column][\/et_pb_row][\/et_pb_section]<\/p>\n","protected":false},"excerpt":{"rendered":"<p><span style=\"font-weight: 400;\">Tiss\u00e9e \u00e0 la main avec le plus grand soin, la pochette en tissu Daazou est id\u00e9ale pour transporter au choix : votre maquillage, vos bijoux, vos stylos, votre monnaie, ou tout cela en m\u00eame temps!<\/span><\/p>\n<p><span style=\"font-weight: 400;\">Version mini ou plus grande, elle se glisse dans votre sac et vous accompagne dans toutes vos aventures.<\/span><\/p>\n<p><span style=\"font-family: din-reg;\"><span style=\"font-weight: 400;\">Taille : <\/span><b>20 x 15 cm<\/b><\/span><\/p>\n","protected":false},"featured_media":12780,"comment_status":"open","ping_status":"closed","template":"","meta":{"_et_pb_use_builder":"on","_et_pb_old_content":"","_et_gb_content_width":"","spay_email":"","jetpack_publicize_message":"","jetpack_is_tweetstorm":false},"product_cat":[180,226,213,181,227],"product_tag":[],"yoast_head":"<!-- This site is optimized with the Yoast SEO plugin v16.7 - https:\/\/yoast.com\/wordpress\/plugins\/seo\/ -->\n<title>Pochette en tissu Daazou - Motif Grain de riz - Afrika Tiss<\/title>\n<meta name=\"description\" content=\"Notre pochette en tissu Daazou est un accessoire intemporel et pratique. Elle organise votre sac \u00e0 main ou valise. D\u00e9couvrez votre nouvel indispensable !\" \/>\n<meta name=\"robots\" content=\"index, follow, max-snippet:-1, max-image-preview:large, max-video-preview:-1\" \/>\n<link rel=\"canonical\" href=\"https:\/\/www.afrikatiss.org\/en\/produit\/pochette-tissu\/\" \/>\n<meta property=\"og:locale\" content=\"en_US\" \/>\n<meta property=\"og:type\" content=\"article\" \/>\n<meta property=\"og:title\" content=\"Pochette en tissu Daazou - Motif Grain de riz - Afrika Tiss\" \/>\n<meta property=\"og:description\" content=\"Notre pochette en tissu Daazou est un accessoire intemporel et pratique. Elle organise votre sac \u00e0 main ou valise. D\u00e9couvrez votre nouvel indispensable !\" \/>\n<meta property=\"og:url\" content=\"https:\/\/www.afrikatiss.org\/en\/produit\/pochette-tissu\/\" \/>\n<meta property=\"og:site_name\" content=\"Afrika Tiss\" \/>\n<meta property=\"article:modified_time\" content=\"2021-03-16T20:21:27+00:00\" \/>\n<meta property=\"og:image\" content=\"https:\/\/www.afrikatiss.org\/wp-content\/uploads\/2019\/11\/DSC_3432-1-min.jpg\" \/>\n\t<meta property=\"og:image:width\" content=\"1575\" \/>\n\t<meta property=\"og:image:height\" content=\"1575\" \/>\n<meta name=\"twitter:card\" content=\"summary_large_image\" \/>\n<meta name=\"twitter:label1\" content=\"Est. reading time\" \/>\n\t<meta name=\"twitter:data1\" content=\"2 minutes\" \/>\n<script type=\"application\/ld+json\" class=\"yoast-schema-graph\">{\"@context\":\"https:\/\/schema.org\",\"@graph\":[{\"@type\":\"WebSite\",\"@id\":\"https:\/\/www.afrikatiss.org\/#website\",\"url\":\"https:\/\/www.afrikatiss.org\/\",\"name\":\"Afrika Tiss\",\"description\":\"artisanat solidaire \",\"potentialAction\":[{\"@type\":\"SearchAction\",\"target\":{\"@type\":\"EntryPoint\",\"urlTemplate\":\"https:\/\/www.afrikatiss.org\/?s={search_term_string}\"},\"query-input\":\"required name=search_term_string\"}],\"inLanguage\":\"en-US\"},{\"@type\":\"ImageObject\",\"@id\":\"https:\/\/www.afrikatiss.org\/en\/produit\/pochette-tissu\/#primaryimage\",\"inLanguage\":\"en-US\",\"url\":\"https:\/\/www.afrikatiss.org\/wp-content\/uploads\/2019\/11\/DSC_3432-1-min.jpg\",\"contentUrl\":\"https:\/\/www.afrikatiss.org\/wp-content\/uploads\/2019\/11\/DSC_3432-1-min.jpg\",\"width\":1575,\"height\":1575,\"caption\":\"petite pochette daazou grain de riz rouge\"},{\"@type\":\"WebPage\",\"@id\":\"https:\/\/www.afrikatiss.org\/en\/produit\/pochette-tissu\/#webpage\",\"url\":\"https:\/\/www.afrikatiss.org\/en\/produit\/pochette-tissu\/\",\"name\":\"Pochette en tissu Daazou - Motif Grain de riz - Afrika Tiss\",\"isPartOf\":{\"@id\":\"https:\/\/www.afrikatiss.org\/#website\"},\"primaryImageOfPage\":{\"@id\":\"https:\/\/www.afrikatiss.org\/en\/produit\/pochette-tissu\/#primaryimage\"},\"datePublished\":\"2019-11-19T17:12:02+00:00\",\"dateModified\":\"2021-03-16T20:21:27+00:00\",\"description\":\"Notre pochette en tissu Daazou est un accessoire intemporel et pratique. Elle organise votre sac \\u00e0 main ou valise. D\\u00e9couvrez votre nouvel indispensable !\",\"breadcrumb\":{\"@id\":\"https:\/\/www.afrikatiss.org\/en\/produit\/pochette-tissu\/#breadcrumb\"},\"inLanguage\":\"en-US\",\"potentialAction\":[{\"@type\":\"ReadAction\",\"target\":[\"https:\/\/www.afrikatiss.org\/en\/produit\/pochette-tissu\/\"]}]},{\"@type\":\"BreadcrumbList\",\"@id\":\"https:\/\/www.afrikatiss.org\/en\/produit\/pochette-tissu\/#breadcrumb\",\"itemListElement\":[{\"@type\":\"ListItem\",\"position\":1,\"name\":\"Accueil\",\"item\":\"https:\/\/www.afrikatiss.org\/\"},{\"@type\":\"ListItem\",\"position\":2,\"name\":\"\"},{\"@type\":\"ListItem\",\"position\":3,\"name\":\"POCHETTE DAAZOU &#8211; Grain de riz\"}]}]}<\/script>\n<!-- \/ Yoast SEO plugin. -->","yoast_head_json":{"title":"Pochette en tissu Daazou - Motif Grain de riz - Afrika Tiss","description":"Notre pochette en tissu Daazou est un accessoire intemporel et pratique. Elle organise votre sac \u00e0 main ou valise. D\u00e9couvrez votre nouvel indispensable !","robots":{"index":"index","follow":"follow","max-snippet":"max-snippet:-1","max-image-preview":"max-image-preview:large","max-video-preview":"max-video-preview:-1"},"canonical":"https:\/\/www.afrikatiss.org\/en\/produit\/pochette-tissu\/","og_locale":"en_US","og_type":"article","og_title":"Pochette en tissu Daazou - Motif Grain de riz - Afrika Tiss","og_description":"Notre pochette en tissu Daazou est un accessoire intemporel et pratique. Elle organise votre sac \u00e0 main ou valise. D\u00e9couvrez votre nouvel indispensable !","og_url":"https:\/\/www.afrikatiss.org\/en\/produit\/pochette-tissu\/","og_site_name":"Afrika Tiss","article_modified_time":"2021-03-16T20:21:27+00:00","og_image":[{"width":1575,"height":1575,"url":"https:\/\/www.afrikatiss.org\/wp-content\/uploads\/2019\/11\/DSC_3432-1-min.jpg","path":"\/home\/afrikati\/www\/wp-content\/uploads\/2019\/11\/DSC_3432-1-min.jpg","size":"full","id":12780,"alt":"pochette tissu","pixels":2480625,"type":"image\/jpeg"}],"twitter_card":"summary_large_image","twitter_misc":{"Est. reading time":"2 minutes"},"schema":{"@context":"https:\/\/schema.org","@graph":[{"@type":"WebSite","@id":"https:\/\/www.afrikatiss.org\/#website","url":"https:\/\/www.afrikatiss.org\/","name":"Afrika Tiss","description":"artisanat solidaire ","potentialAction":[{"@type":"SearchAction","target":{"@type":"EntryPoint","urlTemplate":"https:\/\/www.afrikatiss.org\/?s={search_term_string}"},"query-input":"required name=search_term_string"}],"inLanguage":"en-US"},{"@type":"ImageObject","@id":"https:\/\/www.afrikatiss.org\/en\/produit\/pochette-tissu\/#primaryimage","inLanguage":"en-US","url":"https:\/\/www.afrikatiss.org\/wp-content\/uploads\/2019\/11\/DSC_3432-1-min.jpg","contentUrl":"https:\/\/www.afrikatiss.org\/wp-content\/uploads\/2019\/11\/DSC_3432-1-min.jpg","width":1575,"height":1575,"caption":"petite pochette daazou grain de riz rouge"},{"@type":"WebPage","@id":"https:\/\/www.afrikatiss.org\/en\/produit\/pochette-tissu\/#webpage","url":"https:\/\/www.afrikatiss.org\/en\/produit\/pochette-tissu\/","name":"Pochette en tissu Daazou - Motif Grain de riz - Afrika Tiss","isPartOf":{"@id":"https:\/\/www.afrikatiss.org\/#website"},"primaryImageOfPage":{"@id":"https:\/\/www.afrikatiss.org\/en\/produit\/pochette-tissu\/#primaryimage"},"datePublished":"2019-11-19T17:12:02+00:00","dateModified":"2021-03-16T20:21:27+00:00","description":"Notre pochette en tissu Daazou est un accessoire intemporel et pratique. Elle organise votre sac \u00e0 main ou valise. D\u00e9couvrez votre nouvel indispensable !","breadcrumb":{"@id":"https:\/\/www.afrikatiss.org\/en\/produit\/pochette-tissu\/#breadcrumb"},"inLanguage":"en-US","potentialAction":[{"@type":"ReadAction","target":["https:\/\/www.afrikatiss.org\/en\/produit\/pochette-tissu\/"]}]},{"@type":"BreadcrumbList","@id":"https:\/\/www.afrikatiss.org\/en\/produit\/pochette-tissu\/#breadcrumb","itemListElement":[{"@type":"ListItem","position":1,"name":"Accueil","item":"https:\/\/www.afrikatiss.org\/"},{"@type":"ListItem","position":2,"name":""},{"@type":"ListItem","position":3,"name":"POCHETTE DAAZOU &#8211; Grain de riz"}]}]}},"jetpack_publicize_connections":[],"jetpack_sharing_enabled":true,"_links":{"self":[{"href":"https:\/\/www.afrikatiss.org\/en\/wp-json\/wp\/v2\/product\/12769"}],"collection":[{"href":"https:\/\/www.afrikatiss.org\/en\/wp-json\/wp\/v2\/product"}],"about":[{"href":"https:\/\/www.afrikatiss.org\/en\/wp-json\/wp\/v2\/types\/product"}],"replies":[{"embeddable":true,"href":"https:\/\/www.afrikatiss.org\/en\/wp-json\/wp\/v2\/comments?post=12769"}],"wp:featuredmedia":[{"embeddable":true,"href":"https:\/\/www.afrikatiss.org\/en\/wp-json\/wp\/v2\/media\/12780"}],"wp:attachment":[{"href":"https:\/\/www.afrikatiss.org\/en\/wp-json\/wp\/v2\/media?parent=12769"}],"wp:term":[{"taxonomy":"product_cat","embeddable":true,"href":"https:\/\/www.afrikatiss.org\/en\/wp-json\/wp\/v2\/product_cat?post=12769"},{"taxonomy":"product_tag","embeddable":true,"href":"https:\/\/www.afrikatiss.org\/en\/wp-json\/wp\/v2\/product_tag?post=12769"}],"curies":[{"name":"wp","href":"https:\/\/api.w.org\/{rel}","templated":true}]}}