{"id":14792,"date":"2020-11-17T19:52:38","date_gmt":"2020-11-17T19:52:38","guid":{"rendered":"https:\/\/www.afrikatiss.org\/?post_type=product&#038;p=14792"},"modified":"2025-06-03T05:22:29","modified_gmt":"2025-06-03T04:22:29","slug":"cabas-anouk-cori-rouge","status":"publish","type":"product","link":"https:\/\/www.afrikatiss.org\/en\/produit\/cabas-anouk-cori-rouge\/","title":{"rendered":"CABAS ANOUK &#8211; Cori rouge"},"content":{"rendered":"<p>[et_pb_section fb_built=&#8221;1&#8243; _builder_version=&#8221;3.22&#8243; custom_padding=&#8221;0|0px|0px|0px|false|false&#8221;][et_pb_row custom_padding=&#8221;29px|0px|30px|0px|false|false&#8221; _builder_version=&#8221;3.22&#8243;][et_pb_column type=&#8221;1_4&#8243; _builder_version=&#8221;3.19.17&#8243;][et_pb_image src=&#8221;https:\/\/www.afrikatiss.org\/wp-content\/uploads\/2019\/03\/box-2.png&#8221; _builder_version=&#8221;3.19.17&#8243; max_width=&#8221;15%&#8221; module_alignment=&#8221;center&#8221;][\/et_pb_image][et_pb_text _builder_version=&#8221;3.19.17&#8243;]<\/p>\n<p style=\"text-align: center;\">Livraison \u00e0 domicile \/ en point relais\u00a0<em>(GRATUIT \u00e0 partir de 75\u20ac)<\/em><\/p>\n<p>[\/et_pb_text][\/et_pb_column][et_pb_column type=&#8221;1_4&#8243; _builder_version=&#8221;3.19.17&#8243;][et_pb_image src=&#8221;https:\/\/www.afrikatiss.org\/wp-content\/uploads\/2019\/03\/lock-3.png&#8221; _builder_version=&#8221;3.19.17&#8243; max_width=&#8221;15%&#8221; module_alignment=&#8221;center&#8221;][\/et_pb_image][et_pb_text _builder_version=&#8221;3.19.17&#8243;]<\/p>\n<p style=\"text-align: center;\">Paiement 100% s\u00e9curis\u00e9 en CB<\/p>\n<p>[\/et_pb_text][\/et_pb_column][et_pb_column type=&#8221;1_4&#8243; _builder_version=&#8221;3.19.17&#8243;][et_pb_image src=&#8221;https:\/\/www.afrikatiss.org\/wp-content\/uploads\/2019\/03\/recommended.png&#8221; _builder_version=&#8221;3.19.17&#8243; max_width=&#8221;15%&#8221; module_alignment=&#8221;center&#8221;][\/et_pb_image][et_pb_text _builder_version=&#8221;3.22.1&#8243;]<\/p>\n<p style=\"text-align: center;\">Cabas en coton fait \u00e0 la main au Burkina Faso<\/p>\n<p>[\/et_pb_text][\/et_pb_column][et_pb_column type=&#8221;1_4&#8243; _builder_version=&#8221;3.19.17&#8243;][et_pb_image src=&#8221;https:\/\/www.afrikatiss.org\/wp-content\/uploads\/2019\/03\/exchange-arrows.png&#8221; _builder_version=&#8221;3.19.17&#8243; max_width=&#8221;15%&#8221; module_alignment=&#8221;center&#8221;][\/et_pb_image][et_pb_text _builder_version=&#8221;3.22.1&#8243;]<\/p>\n<p style=\"text-align: center;\">Echange<em> GRATUIT<\/em><\/p>\n<p>[\/et_pb_text][\/et_pb_column][\/et_pb_row][et_pb_row custom_padding=&#8221;||0px|||&#8221; _builder_version=&#8221;3.22.1&#8243;][et_pb_column type=&#8221;4_4&#8243; _builder_version=&#8221;3.22.1&#8243;][et_pb_text _builder_version=&#8221;3.22.1&#8243; header_font=&#8221;Dinpro-bold|700|||||||&#8221; header_text_color=&#8221;#4d5f70&#8243; header_font_size=&#8221;20px&#8221;]<\/p>\n<h1 class=\"modal-title\">Un sac africain<\/h1>\n<p>[\/et_pb_text][\/et_pb_column][\/et_pb_row][et_pb_row _builder_version=&#8221;3.22&#8243;][et_pb_column type=&#8221;4_4&#8243; _builder_version=&#8221;3.19.17&#8243;][et_pb_text _builder_version=&#8221;3.22.1&#8243;]<\/p>\n<p><span style=\"font-weight: 400;\">La marque<strong> Afrika Tiss<\/strong> est n\u00e9e d\u2019une ambition, celle de valoriser et diffuser la richesse du patrimoine textile africain. Il s\u2019agit d\u2019encourager la pr\u00e9servation et le renouveau de techniques ancestrales oubli\u00e9es tout en contribuant au d\u00e9veloppement \u00e9conomique de populations d\u00e9favoris\u00e9es. Le <strong>sac africain\u00a0<\/strong><\/span><span style=\"font-family: Dinpro-bold, Helvetica, Arial, Lucida, sans-serif;\"><b>Anouk<\/b><\/span>\u00a0est aujourd&#8217;hui un classique de notre collection.<\/p>\n<p><span style=\"font-weight: 400;\">Les pi\u00e8ces de notre collection Mode \u2013 d\u00e9clin\u00e9e en sacs, pochettes, trousses, \u00e9toles \u2013 transportent dans leurs lignes m\u00e9tiss\u00e9es le r\u00e9sultat d\u2019une qu\u00eate subtile entre coutume et innovation, design et artisanat.<\/span><\/p>\n<p><span style=\"font-weight: 400;\">Le <strong>sac africain\u00a0Anouk<\/strong>\u00a0est une pi\u00e8ce unique, historique chez Afrika Tiss, d\u00e9clin\u00e9e en plusieurs motifs et couleurs pour tous les go\u00fbts.<\/span><\/p>\n<p><span style=\"font-weight: 400;\"><\/span><\/p>\n<p><strong>Conseils d&#8217;entretien :\u00a0<\/strong>Lavage en machine \u00e0 froid. S\u00e9chage \u00e0 plat.<\/p>\n<p>[\/et_pb_text][\/et_pb_column][\/et_pb_row][\/et_pb_section]<\/p>\n","protected":false},"excerpt":{"rendered":"<p><span style=\"font-weight: 400;\">Notre sac africain Anouk en coton tiss\u00e9 et imprim\u00e9 \u00e0 la main au Burkina Faso, allie robustesse et \u00e9l\u00e9gance. Sa grande taille, sa forme \u00e9pur\u00e9e et sa solidit\u00e9 lui permettent de contenir ais\u00e9ment vos courses, documents, ordinateur et tout ce que vous souhaitez emporter avec vous.<\/span><\/p>\n<p><span style=\"font-family: din-reg;\"><span style=\"font-weight: 400;\">Taille : <\/span><b>40 x 42 cm<\/b><\/span><\/p>\n","protected":false},"featured_media":14497,"comment_status":"open","ping_status":"closed","template":"","meta":{"_et_pb_use_builder":"on","_et_pb_old_content":"","_et_gb_content_width":"","spay_email":"","jetpack_publicize_message":"","jetpack_is_tweetstorm":false},"product_cat":[180,226,213,227,214],"product_tag":[],"yoast_head":"<!-- This site is optimized with the Yoast SEO plugin v16.7 - https:\/\/yoast.com\/wordpress\/plugins\/seo\/ -->\n<title>Cabas Anouk - Cori - Sac africain - Afrika Tiss<\/title>\n<meta name=\"description\" content=\"Notre sac africain Anouk en coton fait au Burkina Faso allie robustesse et \u00e9l\u00e9gance. Avec sa grande taille, emporter tout ce que vous souhaitez avec vous.\" \/>\n<meta name=\"robots\" content=\"index, follow, max-snippet:-1, max-image-preview:large, max-video-preview:-1\" \/>\n<link rel=\"canonical\" href=\"https:\/\/www.afrikatiss.org\/en\/produit\/cabas-anouk-cori-rouge\/\" \/>\n<meta property=\"og:locale\" content=\"en_US\" \/>\n<meta property=\"og:type\" content=\"article\" \/>\n<meta property=\"og:title\" content=\"Cabas Anouk - Cori - Sac africain - Afrika Tiss\" \/>\n<meta property=\"og:description\" content=\"Notre sac africain Anouk en coton fait au Burkina Faso allie robustesse et \u00e9l\u00e9gance. Avec sa grande taille, emporter tout ce que vous souhaitez avec vous.\" \/>\n<meta property=\"og:url\" content=\"https:\/\/www.afrikatiss.org\/produit\/cabas-anouk-cori-rouge\/\" \/>\n<meta property=\"og:site_name\" content=\"Afrika Tiss\" \/>\n<meta property=\"article:modified_time\" content=\"2025-06-03T04:22:29+00:00\" \/>\n<meta property=\"og:image\" content=\"https:\/\/www.afrikatiss.org\/wp-content\/uploads\/2020\/07\/DSC_33932-1.jpg\" \/>\n\t<meta property=\"og:image:width\" content=\"1575\" \/>\n\t<meta property=\"og:image:height\" content=\"1575\" \/>\n<meta name=\"twitter:card\" content=\"summary_large_image\" \/>\n<meta name=\"twitter:label1\" content=\"Est. reading time\" \/>\n\t<meta name=\"twitter:data1\" content=\"2 minutes\" \/>\n<script type=\"application\/ld+json\" class=\"yoast-schema-graph\">{\"@context\":\"https:\/\/schema.org\",\"@graph\":[{\"@type\":\"WebSite\",\"@id\":\"https:\/\/www.afrikatiss.org\/#website\",\"url\":\"https:\/\/www.afrikatiss.org\/\",\"name\":\"Afrika Tiss\",\"description\":\"artisanat solidaire \",\"potentialAction\":[{\"@type\":\"SearchAction\",\"target\":{\"@type\":\"EntryPoint\",\"urlTemplate\":\"https:\/\/www.afrikatiss.org\/?s={search_term_string}\"},\"query-input\":\"required name=search_term_string\"}],\"inLanguage\":\"en-US\"},{\"@type\":\"ImageObject\",\"@id\":\"https:\/\/www.afrikatiss.org\/produit\/cabas-anouk-cori-rouge\/#primaryimage\",\"inLanguage\":\"en-US\",\"url\":\"https:\/\/www.afrikatiss.org\/wp-content\/uploads\/2020\/07\/DSC_33932-1.jpg\",\"contentUrl\":\"https:\/\/www.afrikatiss.org\/wp-content\/uploads\/2020\/07\/DSC_33932-1.jpg\",\"width\":1575,\"height\":1575,\"caption\":\"Cabas Anouk Cori Rouge\"},{\"@type\":\"WebPage\",\"@id\":\"https:\/\/www.afrikatiss.org\/produit\/cabas-anouk-cori-rouge\/#webpage\",\"url\":\"https:\/\/www.afrikatiss.org\/produit\/cabas-anouk-cori-rouge\/\",\"name\":\"Cabas Anouk - Cori - Sac africain - Afrika Tiss\",\"isPartOf\":{\"@id\":\"https:\/\/www.afrikatiss.org\/#website\"},\"primaryImageOfPage\":{\"@id\":\"https:\/\/www.afrikatiss.org\/produit\/cabas-anouk-cori-rouge\/#primaryimage\"},\"datePublished\":\"2020-11-17T19:52:38+00:00\",\"dateModified\":\"2025-06-03T04:22:29+00:00\",\"description\":\"Notre sac africain Anouk en coton fait au Burkina Faso allie robustesse et \\u00e9l\\u00e9gance. Avec sa grande taille, emporter tout ce que vous souhaitez avec vous.\",\"breadcrumb\":{\"@id\":\"https:\/\/www.afrikatiss.org\/produit\/cabas-anouk-cori-rouge\/#breadcrumb\"},\"inLanguage\":\"en-US\",\"potentialAction\":[{\"@type\":\"ReadAction\",\"target\":[\"https:\/\/www.afrikatiss.org\/produit\/cabas-anouk-cori-rouge\/\"]}]},{\"@type\":\"BreadcrumbList\",\"@id\":\"https:\/\/www.afrikatiss.org\/produit\/cabas-anouk-cori-rouge\/#breadcrumb\",\"itemListElement\":[{\"@type\":\"ListItem\",\"position\":1,\"name\":\"Accueil\",\"item\":\"https:\/\/www.afrikatiss.org\/\"},{\"@type\":\"ListItem\",\"position\":2,\"name\":\"\"},{\"@type\":\"ListItem\",\"position\":3,\"name\":\"CABAS ANOUK &#8211; Cori rouge\"}]}]}<\/script>\n<!-- \/ Yoast SEO plugin. -->","yoast_head_json":{"title":"Cabas Anouk - Cori - Sac africain - Afrika Tiss","description":"Notre sac africain Anouk en coton fait au Burkina Faso allie robustesse et \u00e9l\u00e9gance. Avec sa grande taille, emporter tout ce que vous souhaitez avec vous.","robots":{"index":"index","follow":"follow","max-snippet":"max-snippet:-1","max-image-preview":"max-image-preview:large","max-video-preview":"max-video-preview:-1"},"canonical":"https:\/\/www.afrikatiss.org\/en\/produit\/cabas-anouk-cori-rouge\/","og_locale":"en_US","og_type":"article","og_title":"Cabas Anouk - Cori - Sac africain - Afrika Tiss","og_description":"Notre sac africain Anouk en coton fait au Burkina Faso allie robustesse et \u00e9l\u00e9gance. Avec sa grande taille, emporter tout ce que vous souhaitez avec vous.","og_url":"https:\/\/www.afrikatiss.org\/produit\/cabas-anouk-cori-rouge\/","og_site_name":"Afrika Tiss","article_modified_time":"2025-06-03T04:22:29+00:00","og_image":[{"width":1575,"height":1575,"url":"https:\/\/www.afrikatiss.org\/wp-content\/uploads\/2020\/07\/DSC_33932-1.jpg","path":"\/home\/afrikati\/www\/wp-content\/uploads\/2020\/07\/DSC_33932-1.jpg","size":"full","id":14497,"alt":"","pixels":2480625,"type":"image\/jpeg"}],"twitter_card":"summary_large_image","twitter_misc":{"Est. reading time":"2 minutes"},"schema":{"@context":"https:\/\/schema.org","@graph":[{"@type":"WebSite","@id":"https:\/\/www.afrikatiss.org\/#website","url":"https:\/\/www.afrikatiss.org\/","name":"Afrika Tiss","description":"artisanat solidaire ","potentialAction":[{"@type":"SearchAction","target":{"@type":"EntryPoint","urlTemplate":"https:\/\/www.afrikatiss.org\/?s={search_term_string}"},"query-input":"required name=search_term_string"}],"inLanguage":"en-US"},{"@type":"ImageObject","@id":"https:\/\/www.afrikatiss.org\/produit\/cabas-anouk-cori-rouge\/#primaryimage","inLanguage":"en-US","url":"https:\/\/www.afrikatiss.org\/wp-content\/uploads\/2020\/07\/DSC_33932-1.jpg","contentUrl":"https:\/\/www.afrikatiss.org\/wp-content\/uploads\/2020\/07\/DSC_33932-1.jpg","width":1575,"height":1575,"caption":"Cabas Anouk Cori Rouge"},{"@type":"WebPage","@id":"https:\/\/www.afrikatiss.org\/produit\/cabas-anouk-cori-rouge\/#webpage","url":"https:\/\/www.afrikatiss.org\/produit\/cabas-anouk-cori-rouge\/","name":"Cabas Anouk - Cori - Sac africain - Afrika Tiss","isPartOf":{"@id":"https:\/\/www.afrikatiss.org\/#website"},"primaryImageOfPage":{"@id":"https:\/\/www.afrikatiss.org\/produit\/cabas-anouk-cori-rouge\/#primaryimage"},"datePublished":"2020-11-17T19:52:38+00:00","dateModified":"2025-06-03T04:22:29+00:00","description":"Notre sac africain Anouk en coton fait au Burkina Faso allie robustesse et \u00e9l\u00e9gance. Avec sa grande taille, emporter tout ce que vous souhaitez avec vous.","breadcrumb":{"@id":"https:\/\/www.afrikatiss.org\/produit\/cabas-anouk-cori-rouge\/#breadcrumb"},"inLanguage":"en-US","potentialAction":[{"@type":"ReadAction","target":["https:\/\/www.afrikatiss.org\/produit\/cabas-anouk-cori-rouge\/"]}]},{"@type":"BreadcrumbList","@id":"https:\/\/www.afrikatiss.org\/produit\/cabas-anouk-cori-rouge\/#breadcrumb","itemListElement":[{"@type":"ListItem","position":1,"name":"Accueil","item":"https:\/\/www.afrikatiss.org\/"},{"@type":"ListItem","position":2,"name":""},{"@type":"ListItem","position":3,"name":"CABAS ANOUK &#8211; Cori rouge"}]}]}},"jetpack_publicize_connections":[],"jetpack_sharing_enabled":true,"_links":{"self":[{"href":"https:\/\/www.afrikatiss.org\/en\/wp-json\/wp\/v2\/product\/14792"}],"collection":[{"href":"https:\/\/www.afrikatiss.org\/en\/wp-json\/wp\/v2\/product"}],"about":[{"href":"https:\/\/www.afrikatiss.org\/en\/wp-json\/wp\/v2\/types\/product"}],"replies":[{"embeddable":true,"href":"https:\/\/www.afrikatiss.org\/en\/wp-json\/wp\/v2\/comments?post=14792"}],"wp:featuredmedia":[{"embeddable":true,"href":"https:\/\/www.afrikatiss.org\/en\/wp-json\/wp\/v2\/media\/14497"}],"wp:attachment":[{"href":"https:\/\/www.afrikatiss.org\/en\/wp-json\/wp\/v2\/media?parent=14792"}],"wp:term":[{"taxonomy":"product_cat","embeddable":true,"href":"https:\/\/www.afrikatiss.org\/en\/wp-json\/wp\/v2\/product_cat?post=14792"},{"taxonomy":"product_tag","embeddable":true,"href":"https:\/\/www.afrikatiss.org\/en\/wp-json\/wp\/v2\/product_tag?post=14792"}],"curies":[{"name":"wp","href":"https:\/\/api.w.org\/{rel}","templated":true}]}}