{"id":14877,"date":"2020-11-20T19:49:31","date_gmt":"2020-11-20T19:49:31","guid":{"rendered":"https:\/\/www.afrikatiss.org\/?post_type=product&#038;p=14877"},"modified":"2020-11-29T00:45:45","modified_gmt":"2020-11-28T23:45:45","slug":"une-etole-shibori","status":"publish","type":"product","link":"https:\/\/www.afrikatiss.org\/en\/produit\/une-etole-shibori\/","title":{"rendered":"ETOLE SHIBORI &#8211; Motif Guirlande vert turquoise"},"content":{"rendered":"<p>[et_pb_section fb_built=&#8221;1&#8243; _builder_version=&#8221;3.22&#8243; custom_padding=&#8221;0px||||false|false&#8221;][et_pb_row _builder_version=&#8221;3.25&#8243; background_size=&#8221;initial&#8221; background_position=&#8221;top_left&#8221; background_repeat=&#8221;repeat&#8221; width=&#8221;100%&#8221; custom_padding=&#8221;0px||0px||false|false&#8221;][et_pb_column type=&#8221;4_4&#8243; _builder_version=&#8221;3.25&#8243; custom_padding=&#8221;|||&#8221; custom_padding__hover=&#8221;|||&#8221;][et_pb_wc_breadcrumb _builder_version=&#8221;3.0.47&#8243;][\/et_pb_wc_breadcrumb][et_pb_wc_cart_notice _builder_version=&#8221;3.0.47&#8243;][\/et_pb_wc_cart_notice][\/et_pb_column][\/et_pb_row][et_pb_row column_structure=&#8221;1_2,1_2&#8243; _builder_version=&#8221;3.25&#8243; background_size=&#8221;initial&#8221; background_position=&#8221;top_left&#8221; background_repeat=&#8221;repeat&#8221; width=&#8221;100%&#8221; custom_padding=&#8221;0px||||false|false&#8221;][et_pb_column type=&#8221;1_2&#8243; _builder_version=&#8221;3.25&#8243; custom_padding=&#8221;|||&#8221; custom_padding__hover=&#8221;|||&#8221;][et_pb_wc_images _builder_version=&#8221;3.0.47&#8243;][\/et_pb_wc_images][\/et_pb_column][et_pb_column type=&#8221;1_2&#8243; _builder_version=&#8221;3.25&#8243; custom_padding=&#8221;|||&#8221; custom_padding__hover=&#8221;|||&#8221;][et_pb_wc_title _builder_version=&#8221;3.0.47&#8243;][\/et_pb_wc_title][et_pb_wc_rating _builder_version=&#8221;3.0.47&#8243;][\/et_pb_wc_rating][et_pb_wc_price _builder_version=&#8221;3.0.47&#8243;][\/et_pb_wc_price][et_pb_wc_description _builder_version=&#8221;3.0.47&#8243;][\/et_pb_wc_description][et_pb_wc_add_to_cart _builder_version=&#8221;3.0.47&#8243;][\/et_pb_wc_add_to_cart][et_pb_wc_meta _builder_version=&#8221;3.0.47&#8243;][\/et_pb_wc_meta][\/et_pb_column][\/et_pb_row][et_pb_row _builder_version=&#8221;3.25&#8243; background_size=&#8221;initial&#8221; background_position=&#8221;top_left&#8221; background_repeat=&#8221;repeat&#8221; width=&#8221;100%&#8221;][et_pb_column type=&#8221;4_4&#8243; _builder_version=&#8221;3.25&#8243; custom_padding=&#8221;|||&#8221; custom_padding__hover=&#8221;|||&#8221;][et_pb_wc_tabs _builder_version=&#8221;3.0.47&#8243;]\t\t\t\t\t[\/et_pb_wc_tabs][et_pb_wc_upsells _builder_version=&#8221;3.0.47&#8243;][\/et_pb_wc_upsells][et_pb_wc_related_products _builder_version=&#8221;3.0.47&#8243;][\/et_pb_wc_related_products][\/et_pb_column][\/et_pb_row][\/et_pb_section][et_pb_section fb_built=&#8221;1&#8243; _builder_version=&#8221;3.22&#8243; custom_padding=&#8221;0|0px|49px|0px|false|false&#8221;][et_pb_row column_structure=&#8221;1_4,1_4,1_4,1_4&#8243; _builder_version=&#8221;3.25&#8243; custom_padding=&#8221;29px|0px|30px|0px|false|false&#8221;][et_pb_column type=&#8221;1_4&#8243; _builder_version=&#8221;3.25&#8243; custom_padding=&#8221;|||&#8221; custom_padding__hover=&#8221;|||&#8221;][et_pb_image src=&#8221;https:\/\/www.afrikatiss.org\/wp-content\/uploads\/2019\/03\/box-2.png&#8221; align_tablet=&#8221;center&#8221; align_phone=&#8221;&#8221; align_last_edited=&#8221;on|desktop&#8221; _builder_version=&#8221;3.23&#8243; max_width=&#8221;15%&#8221; module_alignment=&#8221;center&#8221;][\/et_pb_image][et_pb_text _builder_version=&#8221;3.27.4&#8243;]<\/p>\n<p style=\"text-align: center;\">Livraison \u00e0 domicile \/ en point relais\u00a0<em>(GRATUIT \u00e0 partir de 75\u20ac)<\/em><\/p>\n<p>[\/et_pb_text][\/et_pb_column][et_pb_column type=&#8221;1_4&#8243; _builder_version=&#8221;3.25&#8243; custom_padding=&#8221;|||&#8221; custom_padding__hover=&#8221;|||&#8221;][et_pb_image src=&#8221;https:\/\/www.afrikatiss.org\/wp-content\/uploads\/2019\/03\/lock-3.png&#8221; align_tablet=&#8221;center&#8221; align_phone=&#8221;&#8221; align_last_edited=&#8221;on|desktop&#8221; _builder_version=&#8221;3.23&#8243; max_width=&#8221;15%&#8221; module_alignment=&#8221;center&#8221;][\/et_pb_image][et_pb_text _builder_version=&#8221;3.27.4&#8243;]<\/p>\n<p style=\"text-align: center;\">Paiement 100% s\u00e9curis\u00e9 en CB<\/p>\n<p>[\/et_pb_text][\/et_pb_column][et_pb_column type=&#8221;1_4&#8243; _builder_version=&#8221;3.25&#8243; custom_padding=&#8221;|||&#8221; custom_padding__hover=&#8221;|||&#8221;][et_pb_image src=&#8221;https:\/\/www.afrikatiss.org\/wp-content\/uploads\/2019\/03\/recommended.png&#8221; align_tablet=&#8221;center&#8221; align_phone=&#8221;&#8221; align_last_edited=&#8221;on|desktop&#8221; _builder_version=&#8221;3.23&#8243; max_width=&#8221;15%&#8221; module_alignment=&#8221;center&#8221;][\/et_pb_image][et_pb_text _builder_version=&#8221;3.27.4&#8243;]<\/p>\n<p style=\"text-align: center;\">Etole artisanale en coton tiss\u00e9e \u00e0 la main au Burkina Faso<\/p>\n<p>[\/et_pb_text][\/et_pb_column][et_pb_column type=&#8221;1_4&#8243; _builder_version=&#8221;3.25&#8243; custom_padding=&#8221;|||&#8221; custom_padding__hover=&#8221;|||&#8221;][et_pb_image src=&#8221;https:\/\/www.afrikatiss.org\/wp-content\/uploads\/2019\/03\/exchange-arrows.png&#8221; align_tablet=&#8221;center&#8221; align_phone=&#8221;&#8221; align_last_edited=&#8221;on|desktop&#8221; _builder_version=&#8221;3.23&#8243; max_width=&#8221;15%&#8221; module_alignment=&#8221;center&#8221;][\/et_pb_image][et_pb_text _builder_version=&#8221;3.27.4&#8243;]<\/p>\n<p style=\"text-align: center;\">Echange gratuit<\/p>\n<p>[\/et_pb_text][\/et_pb_column][\/et_pb_row][et_pb_row _builder_version=&#8221;3.25&#8243;][et_pb_column type=&#8221;4_4&#8243; _builder_version=&#8221;3.25&#8243; custom_padding=&#8221;|||&#8221; custom_padding__hover=&#8221;|||&#8221;][et_pb_text _builder_version=&#8221;3.27.4&#8243; header_font=&#8221;Dinpro-bold|700|||||||&#8221; header_text_align=&#8221;left&#8221; header_text_color=&#8221;#4d5f70&#8243; header_font_size=&#8221;20px&#8221;]<\/p>\n<h1><span style=\"font-weight: 400;\">Grand foulard bleu<\/span><\/h1>\n<p><span style=\"font-weight: 400;\">La marque<strong> Afrika Tiss<\/strong> est n\u00e9e d\u2019une ambition, celle de valoriser et diffuser la richesse du patrimoine textile africain. Il s\u2019agit d\u2019encourager la pr\u00e9servation et le renouveau de techniques ancestrales oubli\u00e9es tout en contribuant au d\u00e9veloppement \u00e9conomique de populations d\u00e9favoris\u00e9es. Le <strong>foulard bleu<\/strong> shibori\u00a0est une nouveaut\u00e9 de cette saison.<\/span><\/p>\n<p><span style=\"font-weight: 400;\">Les pi\u00e8ces de notre collection Mode \u2013 d\u00e9clin\u00e9e en sacs, pochettes, trousses, \u00e9toles \u2013 transportent dans leurs lignes m\u00e9tiss\u00e9es le r\u00e9sultat d\u2019une qu\u00eate subtile entre coutume et innovation, design et artisanat.<\/span><\/p>\n<p>Laissez-vous s\u00e9duire par ce <strong>grand foulard bleu<\/strong> aux motifs shibori qui vous garantira pour cet \u00e9t\u00e9 un look original et \u00e9legant.<\/p>\n<p><strong>Conseils d&#8217;entretien :\u00a0<\/strong>Lavage en machine \u00e0 30\u00b0. S\u00e9chage \u00e0 plat.[\/et_pb_text][\/et_pb_column][\/et_pb_row][\/et_pb_section]<\/p>\n","protected":false},"excerpt":{"rendered":"<p><span style=\"font-weight: 400;\">R\u00e9alis\u00e9e \u00e0 la main \u00e0 partir de teintures \u00e9cologiques au Burkina Faso, une \u00e9tole shibori vous enveloppera de douceur lors de vos soir\u00e9es estivales. Ses motifs shibori apporteront \u00e0 votre look une touche d&#8217;originalit\u00e9 tout en s&#8217;accordant \u00e0 une tenue plus classique.\u00a0<\/span><\/p>\n<p><span style=\"font-family: din-reg;\"><span style=\"font-weight: 400;\">Taille : <\/span><b>175 x 70 cm<\/b><\/span><\/p>\n","protected":false},"featured_media":14423,"comment_status":"open","ping_status":"closed","template":"","meta":{"_et_pb_use_builder":"on","_et_pb_old_content":"","_et_gb_content_width":"","spay_email":"","jetpack_publicize_message":"","jetpack_is_tweetstorm":false},"product_cat":[180,215,219],"product_tag":[],"yoast_head":"<!-- This site is optimized with the Yoast SEO plugin v16.7 - https:\/\/yoast.com\/wordpress\/plugins\/seo\/ -->\n<title>Une Etole Shibori - Teinture \u00e9cologique - Afrika Tiss<\/title>\n<meta name=\"description\" content=\"R\u00e9alis\u00e9e \u00e0 la main \u00e0 partir de teintures \u00e9cologiques au Burkina Faso, une \u00e9tole shibori vous enveloppera de douceur lors de vos soir\u00e9es.\" \/>\n<meta name=\"robots\" content=\"index, follow, max-snippet:-1, max-image-preview:large, max-video-preview:-1\" \/>\n<link rel=\"canonical\" href=\"https:\/\/www.afrikatiss.org\/en\/produit\/une-etole-shibori\/\" \/>\n<meta property=\"og:locale\" content=\"en_US\" \/>\n<meta property=\"og:type\" content=\"article\" \/>\n<meta property=\"og:title\" content=\"Une Etole Shibori - Teinture \u00e9cologique - Afrika Tiss\" \/>\n<meta property=\"og:description\" content=\"R\u00e9alis\u00e9e \u00e0 la main \u00e0 partir de teintures \u00e9cologiques au Burkina Faso, une \u00e9tole shibori vous enveloppera de douceur lors de vos soir\u00e9es.\" \/>\n<meta property=\"og:url\" content=\"https:\/\/www.afrikatiss.org\/produit\/une-etole-shibori\/\" \/>\n<meta property=\"og:site_name\" content=\"Afrika Tiss\" \/>\n<meta property=\"article:modified_time\" content=\"2020-11-28T23:45:45+00:00\" \/>\n<meta property=\"og:image\" content=\"https:\/\/www.afrikatiss.org\/wp-content\/uploads\/2019\/10\/DSC_7097-copie-min.jpg\" \/>\n\t<meta property=\"og:image:width\" content=\"1575\" \/>\n\t<meta property=\"og:image:height\" content=\"1575\" \/>\n<meta name=\"twitter:card\" content=\"summary_large_image\" \/>\n<meta name=\"twitter:label1\" content=\"Est. reading time\" \/>\n\t<meta name=\"twitter:data1\" content=\"4 minutes\" \/>\n<script type=\"application\/ld+json\" class=\"yoast-schema-graph\">{\"@context\":\"https:\/\/schema.org\",\"@graph\":[{\"@type\":\"WebSite\",\"@id\":\"https:\/\/www.afrikatiss.org\/#website\",\"url\":\"https:\/\/www.afrikatiss.org\/\",\"name\":\"Afrika Tiss\",\"description\":\"artisanat solidaire \",\"potentialAction\":[{\"@type\":\"SearchAction\",\"target\":{\"@type\":\"EntryPoint\",\"urlTemplate\":\"https:\/\/www.afrikatiss.org\/?s={search_term_string}\"},\"query-input\":\"required name=search_term_string\"}],\"inLanguage\":\"en-US\"},{\"@type\":\"ImageObject\",\"@id\":\"https:\/\/www.afrikatiss.org\/produit\/une-etole-shibori\/#primaryimage\",\"inLanguage\":\"en-US\",\"url\":\"https:\/\/www.afrikatiss.org\/wp-content\/uploads\/2019\/10\/DSC_7097-copie-min.jpg\",\"contentUrl\":\"https:\/\/www.afrikatiss.org\/wp-content\/uploads\/2019\/10\/DSC_7097-copie-min.jpg\",\"width\":1575,\"height\":1575,\"caption\":\"Etole shibori vert turquoise Afrika Tiss\"},{\"@type\":\"WebPage\",\"@id\":\"https:\/\/www.afrikatiss.org\/produit\/une-etole-shibori\/#webpage\",\"url\":\"https:\/\/www.afrikatiss.org\/produit\/une-etole-shibori\/\",\"name\":\"Une Etole Shibori - Teinture \\u00e9cologique - Afrika Tiss\",\"isPartOf\":{\"@id\":\"https:\/\/www.afrikatiss.org\/#website\"},\"primaryImageOfPage\":{\"@id\":\"https:\/\/www.afrikatiss.org\/produit\/une-etole-shibori\/#primaryimage\"},\"datePublished\":\"2020-11-20T19:49:31+00:00\",\"dateModified\":\"2020-11-28T23:45:45+00:00\",\"description\":\"R\\u00e9alis\\u00e9e \\u00e0 la main \\u00e0 partir de teintures \\u00e9cologiques au Burkina Faso, une \\u00e9tole shibori vous enveloppera de douceur lors de vos soir\\u00e9es.\",\"breadcrumb\":{\"@id\":\"https:\/\/www.afrikatiss.org\/produit\/une-etole-shibori\/#breadcrumb\"},\"inLanguage\":\"en-US\",\"potentialAction\":[{\"@type\":\"ReadAction\",\"target\":[\"https:\/\/www.afrikatiss.org\/produit\/une-etole-shibori\/\"]}]},{\"@type\":\"BreadcrumbList\",\"@id\":\"https:\/\/www.afrikatiss.org\/produit\/une-etole-shibori\/#breadcrumb\",\"itemListElement\":[{\"@type\":\"ListItem\",\"position\":1,\"name\":\"Accueil\",\"item\":\"https:\/\/www.afrikatiss.org\/\"},{\"@type\":\"ListItem\",\"position\":2,\"name\":\"\"},{\"@type\":\"ListItem\",\"position\":3,\"name\":\"ETOLE SHIBORI &#8211; Motif Guirlande vert turquoise\"}]}]}<\/script>\n<!-- \/ Yoast SEO plugin. -->","yoast_head_json":{"title":"Une Etole Shibori - Teinture \u00e9cologique - Afrika Tiss","description":"R\u00e9alis\u00e9e \u00e0 la main \u00e0 partir de teintures \u00e9cologiques au Burkina Faso, une \u00e9tole shibori vous enveloppera de douceur lors de vos soir\u00e9es.","robots":{"index":"index","follow":"follow","max-snippet":"max-snippet:-1","max-image-preview":"max-image-preview:large","max-video-preview":"max-video-preview:-1"},"canonical":"https:\/\/www.afrikatiss.org\/en\/produit\/une-etole-shibori\/","og_locale":"en_US","og_type":"article","og_title":"Une Etole Shibori - Teinture \u00e9cologique - Afrika Tiss","og_description":"R\u00e9alis\u00e9e \u00e0 la main \u00e0 partir de teintures \u00e9cologiques au Burkina Faso, une \u00e9tole shibori vous enveloppera de douceur lors de vos soir\u00e9es.","og_url":"https:\/\/www.afrikatiss.org\/produit\/une-etole-shibori\/","og_site_name":"Afrika Tiss","article_modified_time":"2020-11-28T23:45:45+00:00","og_image":[{"width":1575,"height":1575,"url":"https:\/\/www.afrikatiss.org\/wp-content\/uploads\/2019\/10\/DSC_7097-copie-min.jpg","path":"\/home\/afrikati\/www\/wp-content\/uploads\/2019\/10\/DSC_7097-copie-min.jpg","size":"full","id":14423,"alt":"","pixels":2480625,"type":"image\/jpeg"}],"twitter_card":"summary_large_image","twitter_misc":{"Est. reading time":"4 minutes"},"schema":{"@context":"https:\/\/schema.org","@graph":[{"@type":"WebSite","@id":"https:\/\/www.afrikatiss.org\/#website","url":"https:\/\/www.afrikatiss.org\/","name":"Afrika Tiss","description":"artisanat solidaire ","potentialAction":[{"@type":"SearchAction","target":{"@type":"EntryPoint","urlTemplate":"https:\/\/www.afrikatiss.org\/?s={search_term_string}"},"query-input":"required name=search_term_string"}],"inLanguage":"en-US"},{"@type":"ImageObject","@id":"https:\/\/www.afrikatiss.org\/produit\/une-etole-shibori\/#primaryimage","inLanguage":"en-US","url":"https:\/\/www.afrikatiss.org\/wp-content\/uploads\/2019\/10\/DSC_7097-copie-min.jpg","contentUrl":"https:\/\/www.afrikatiss.org\/wp-content\/uploads\/2019\/10\/DSC_7097-copie-min.jpg","width":1575,"height":1575,"caption":"Etole shibori vert turquoise Afrika Tiss"},{"@type":"WebPage","@id":"https:\/\/www.afrikatiss.org\/produit\/une-etole-shibori\/#webpage","url":"https:\/\/www.afrikatiss.org\/produit\/une-etole-shibori\/","name":"Une Etole Shibori - Teinture \u00e9cologique - Afrika Tiss","isPartOf":{"@id":"https:\/\/www.afrikatiss.org\/#website"},"primaryImageOfPage":{"@id":"https:\/\/www.afrikatiss.org\/produit\/une-etole-shibori\/#primaryimage"},"datePublished":"2020-11-20T19:49:31+00:00","dateModified":"2020-11-28T23:45:45+00:00","description":"R\u00e9alis\u00e9e \u00e0 la main \u00e0 partir de teintures \u00e9cologiques au Burkina Faso, une \u00e9tole shibori vous enveloppera de douceur lors de vos soir\u00e9es.","breadcrumb":{"@id":"https:\/\/www.afrikatiss.org\/produit\/une-etole-shibori\/#breadcrumb"},"inLanguage":"en-US","potentialAction":[{"@type":"ReadAction","target":["https:\/\/www.afrikatiss.org\/produit\/une-etole-shibori\/"]}]},{"@type":"BreadcrumbList","@id":"https:\/\/www.afrikatiss.org\/produit\/une-etole-shibori\/#breadcrumb","itemListElement":[{"@type":"ListItem","position":1,"name":"Accueil","item":"https:\/\/www.afrikatiss.org\/"},{"@type":"ListItem","position":2,"name":""},{"@type":"ListItem","position":3,"name":"ETOLE SHIBORI &#8211; Motif Guirlande vert turquoise"}]}]}},"jetpack_publicize_connections":[],"jetpack_sharing_enabled":true,"_links":{"self":[{"href":"https:\/\/www.afrikatiss.org\/en\/wp-json\/wp\/v2\/product\/14877"}],"collection":[{"href":"https:\/\/www.afrikatiss.org\/en\/wp-json\/wp\/v2\/product"}],"about":[{"href":"https:\/\/www.afrikatiss.org\/en\/wp-json\/wp\/v2\/types\/product"}],"replies":[{"embeddable":true,"href":"https:\/\/www.afrikatiss.org\/en\/wp-json\/wp\/v2\/comments?post=14877"}],"wp:featuredmedia":[{"embeddable":true,"href":"https:\/\/www.afrikatiss.org\/en\/wp-json\/wp\/v2\/media\/14423"}],"wp:attachment":[{"href":"https:\/\/www.afrikatiss.org\/en\/wp-json\/wp\/v2\/media?parent=14877"}],"wp:term":[{"taxonomy":"product_cat","embeddable":true,"href":"https:\/\/www.afrikatiss.org\/en\/wp-json\/wp\/v2\/product_cat?post=14877"},{"taxonomy":"product_tag","embeddable":true,"href":"https:\/\/www.afrikatiss.org\/en\/wp-json\/wp\/v2\/product_tag?post=14877"}],"curies":[{"name":"wp","href":"https:\/\/api.w.org\/{rel}","templated":true}]}}