{"id":9331,"date":"2019-06-10T19:40:57","date_gmt":"2019-06-10T19:40:57","guid":{"rendered":"http:\/\/www.afrikatiss.org\/?post_type=product&#038;p=9331"},"modified":"2025-07-18T16:21:01","modified_gmt":"2025-07-18T15:21:01","slug":"cabas-de-plage","status":"publish","type":"product","link":"https:\/\/www.afrikatiss.org\/en\/produit\/cabas-de-plage\/","title":{"rendered":"CABAS DAN FANI"},"content":{"rendered":"<p>[et_pb_section fb_built=&#8221;1&#8243; _builder_version=&#8221;3.22&#8243; custom_padding=&#8221;0|0px|0px|0px|false|false&#8221;][et_pb_row custom_padding=&#8221;29px|0px|30px|0px|false|false&#8221; _builder_version=&#8221;3.22&#8243;][et_pb_column type=&#8221;1_4&#8243; _builder_version=&#8221;3.19.17&#8243;][et_pb_image src=&#8221;https:\/\/www.afrikatiss.org\/wp-content\/uploads\/2019\/03\/box-2.png&#8221; _builder_version=&#8221;3.19.17&#8243; max_width=&#8221;15%&#8221; module_alignment=&#8221;center&#8221;][\/et_pb_image][et_pb_text _builder_version=&#8221;3.19.17&#8243;]<\/p>\n<p style=\"text-align: center;\">Livraison \u00e0 domicile \/ en point relais\u00a0<em>(GRATUIT \u00e0 partir de 75\u20ac)<\/em><\/p>\n<p>[\/et_pb_text][\/et_pb_column][et_pb_column type=&#8221;1_4&#8243; _builder_version=&#8221;3.19.17&#8243;][et_pb_image src=&#8221;https:\/\/www.afrikatiss.org\/wp-content\/uploads\/2019\/03\/lock-3.png&#8221; _builder_version=&#8221;3.19.17&#8243; max_width=&#8221;15%&#8221; module_alignment=&#8221;center&#8221;][\/et_pb_image][et_pb_text _builder_version=&#8221;3.19.17&#8243;]<\/p>\n<p style=\"text-align: center;\">Paiement 100% s\u00e9curis\u00e9 en CB<\/p>\n<p>[\/et_pb_text][\/et_pb_column][et_pb_column type=&#8221;1_4&#8243; _builder_version=&#8221;3.19.17&#8243;][et_pb_image src=&#8221;https:\/\/www.afrikatiss.org\/wp-content\/uploads\/2019\/03\/recommended.png&#8221; _builder_version=&#8221;3.19.17&#8243; max_width=&#8221;15%&#8221; module_alignment=&#8221;center&#8221;][\/et_pb_image][et_pb_text _builder_version=&#8221;3.19.17&#8243;]<\/p>\n<p style=\"text-align: center;\">Cabas en coton tiss\u00e9e \u00e0 la main au Burkina Faso<\/p>\n<p>[\/et_pb_text][\/et_pb_column][et_pb_column type=&#8221;1_4&#8243; _builder_version=&#8221;3.19.17&#8243;][et_pb_image src=&#8221;https:\/\/www.afrikatiss.org\/wp-content\/uploads\/2019\/03\/exchange-arrows.png&#8221; _builder_version=&#8221;3.19.17&#8243; max_width=&#8221;15%&#8221; module_alignment=&#8221;center&#8221;][\/et_pb_image][et_pb_text _builder_version=&#8221;3.22.1&#8243;]<\/p>\n<p style=\"text-align: center;\">Echange <em>GRATUIT<\/em><\/p>\n<p>[\/et_pb_text][\/et_pb_column][\/et_pb_row][et_pb_row custom_padding=&#8221;||0px|||&#8221; _builder_version=&#8221;3.22.1&#8243;][et_pb_column type=&#8221;4_4&#8243; _builder_version=&#8221;3.22.1&#8243;][et_pb_text _builder_version=&#8221;3.22.1&#8243; header_font=&#8221;Dinpro-bold|700|||||||&#8221; header_text_color=&#8221;#4d5f70&#8243; header_font_size=&#8221;20px&#8221;]<\/p>\n<h1 class=\"modal-title\">Cabas de plage Dan Fani<\/h1>\n<p>[\/et_pb_text][\/et_pb_column][\/et_pb_row][et_pb_row _builder_version=&#8221;3.22&#8243;][et_pb_column type=&#8221;4_4&#8243; _builder_version=&#8221;3.19.17&#8243;][et_pb_text _builder_version=&#8221;3.22.1&#8243;]<\/p>\n<p><span style=\"font-weight: 400;\">La marque<strong> Afrika Tiss<\/strong> est n\u00e9e d\u2019une ambition, celle de valoriser et diffuser la richesse du patrimoine textile africain. Il s\u2019agit d\u2019encourager la pr\u00e9servation et le renouveau de techniques ancestrales oubli\u00e9es tout en contribuant au d\u00e9veloppement \u00e9conomique de populations d\u00e9favoris\u00e9es. Le <strong>cabas de plage\u00a0Dan Fani<\/strong> est une nouveaut\u00e9 de cette saison.<\/span><span style=\"font-size: 17px; font-family: 'Open Sans', Arial, sans-serif;\">\u00a0<\/span><\/p>\n<p><span style=\"font-weight: 400;\">Les pi\u00e8ces de notre collection Mode \u2013 d\u00e9clin\u00e9e en sacs, pochettes, trousses, \u00e9toles \u2013 transportent dans leurs lignes m\u00e9tiss\u00e9es le r\u00e9sultat d\u2019une qu\u00eate subtile entre coutume et innovation, design et artisanat.<\/span><\/p>\n<p><span style=\"font-weight: 400;\"><span>Laissez-vous s\u00e9duire par ce grand <strong>cabas de plage<\/strong> ray\u00e9 aux couleurs Pop qui vous garantira pour cet \u00e9t\u00e9 un joli look vitamin\u00e9.<\/span><\/span><\/p>\n<p><strong>Conseils d&#8217;entretien :\u00a0<\/strong>Lavage en machine \u00e0 30\u00b0. S\u00e9chage \u00e0 plat.<span style=\"font-size: 17px; font-family: 'Open Sans', Arial, sans-serif;\">\u00a0<\/span><\/p>\n<p>[\/et_pb_text][\/et_pb_column][\/et_pb_row][\/et_pb_section]<\/p>\n","protected":false},"excerpt":{"rendered":"<p>Grand cabas de plage en coton tiss\u00e9 \u00e0 la main au Burkina Faso, le cabas Dan Fani affiche les rayures embl\u00e9matiques du pagne traditionnel du Burkina commun\u00e9ment appel\u00e9 Faso Dan Fani (le pagne de la patrie).<\/p>\n<p>Son grand volume en fera votre compagnon id\u00e9al pour la plage ou vos pique-niques. Vous pourrez y transporter vos victuailles et tous les indispensables pour votre farniente en bord de mer.<\/p>\n<p><span style=\"font-family: din-reg;\"><span style=\"font-weight: 400;\">Taille : <\/span><b>46 x 35 x 14 cm<\/b><\/span><\/p>\n","protected":false},"featured_media":9335,"comment_status":"open","ping_status":"closed","template":"","meta":{"_et_pb_use_builder":"on","_et_pb_old_content":"","_et_gb_content_width":"","spay_email":"","jetpack_publicize_message":"","jetpack_is_tweetstorm":false},"product_cat":[180,226,213,219,227,214],"product_tag":[],"yoast_head":"<!-- This site is optimized with the Yoast SEO plugin v16.7 - https:\/\/yoast.com\/wordpress\/plugins\/seo\/ -->\n<title>Cabas de plage - Mod\u00e8le Dan Fani - Motif orange - Afrika Tiss<\/title>\n<meta name=\"description\" content=\"Grand cabas de plage en coton tiss\u00e9 \u00e0 la main au Burkina Faso, le cabas Dan Fani sera votre compagnon id\u00e9al pour la plage ou vos pique-niques.\" \/>\n<meta name=\"robots\" content=\"index, follow, max-snippet:-1, max-image-preview:large, max-video-preview:-1\" \/>\n<link rel=\"canonical\" href=\"https:\/\/www.afrikatiss.org\/en\/produit\/cabas-de-plage\/\" \/>\n<meta property=\"og:locale\" content=\"en_US\" \/>\n<meta property=\"og:type\" content=\"article\" \/>\n<meta property=\"og:title\" content=\"Cabas de plage - Mod\u00e8le Dan Fani - Motif orange - Afrika Tiss\" \/>\n<meta property=\"og:description\" content=\"Grand cabas de plage en coton tiss\u00e9 \u00e0 la main au Burkina Faso, le cabas Dan Fani sera votre compagnon id\u00e9al pour la plage ou vos pique-niques.\" \/>\n<meta property=\"og:url\" content=\"https:\/\/www.afrikatiss.org\/en\/produit\/cabas-de-plage\/\" \/>\n<meta property=\"og:site_name\" content=\"Afrika Tiss\" \/>\n<meta property=\"article:modified_time\" content=\"2025-07-18T15:21:01+00:00\" \/>\n<meta property=\"og:image\" content=\"https:\/\/www.afrikatiss.org\/wp-content\/uploads\/2019\/06\/DSC_8016-1.jpg\" \/>\n\t<meta property=\"og:image:width\" content=\"1575\" \/>\n\t<meta property=\"og:image:height\" content=\"1575\" \/>\n<meta name=\"twitter:card\" content=\"summary_large_image\" \/>\n<meta name=\"twitter:label1\" content=\"Est. reading time\" \/>\n\t<meta name=\"twitter:data1\" content=\"2 minutes\" \/>\n<script type=\"application\/ld+json\" class=\"yoast-schema-graph\">{\"@context\":\"https:\/\/schema.org\",\"@graph\":[{\"@type\":\"WebSite\",\"@id\":\"https:\/\/www.afrikatiss.org\/#website\",\"url\":\"https:\/\/www.afrikatiss.org\/\",\"name\":\"Afrika Tiss\",\"description\":\"artisanat solidaire \",\"potentialAction\":[{\"@type\":\"SearchAction\",\"target\":{\"@type\":\"EntryPoint\",\"urlTemplate\":\"https:\/\/www.afrikatiss.org\/?s={search_term_string}\"},\"query-input\":\"required name=search_term_string\"}],\"inLanguage\":\"en-US\"},{\"@type\":\"ImageObject\",\"@id\":\"https:\/\/www.afrikatiss.org\/en\/produit\/cabas-de-plage\/#primaryimage\",\"inLanguage\":\"en-US\",\"url\":\"https:\/\/www.afrikatiss.org\/wp-content\/uploads\/2019\/06\/DSC_8016-1.jpg\",\"contentUrl\":\"https:\/\/www.afrikatiss.org\/wp-content\/uploads\/2019\/06\/DSC_8016-1.jpg\",\"width\":1575,\"height\":1575,\"caption\":\"cabas plage rayures bleus-oranges\"},{\"@type\":\"WebPage\",\"@id\":\"https:\/\/www.afrikatiss.org\/en\/produit\/cabas-de-plage\/#webpage\",\"url\":\"https:\/\/www.afrikatiss.org\/en\/produit\/cabas-de-plage\/\",\"name\":\"Cabas de plage - Mod\\u00e8le Dan Fani - Motif orange - Afrika Tiss\",\"isPartOf\":{\"@id\":\"https:\/\/www.afrikatiss.org\/#website\"},\"primaryImageOfPage\":{\"@id\":\"https:\/\/www.afrikatiss.org\/en\/produit\/cabas-de-plage\/#primaryimage\"},\"datePublished\":\"2019-06-10T19:40:57+00:00\",\"dateModified\":\"2025-07-18T15:21:01+00:00\",\"description\":\"Grand cabas de plage en coton tiss\\u00e9 \\u00e0 la main au Burkina Faso, le cabas Dan Fani sera votre compagnon id\\u00e9al pour la plage ou vos pique-niques.\",\"breadcrumb\":{\"@id\":\"https:\/\/www.afrikatiss.org\/en\/produit\/cabas-de-plage\/#breadcrumb\"},\"inLanguage\":\"en-US\",\"potentialAction\":[{\"@type\":\"ReadAction\",\"target\":[\"https:\/\/www.afrikatiss.org\/en\/produit\/cabas-de-plage\/\"]}]},{\"@type\":\"BreadcrumbList\",\"@id\":\"https:\/\/www.afrikatiss.org\/en\/produit\/cabas-de-plage\/#breadcrumb\",\"itemListElement\":[{\"@type\":\"ListItem\",\"position\":1,\"name\":\"Accueil\",\"item\":\"https:\/\/www.afrikatiss.org\/\"},{\"@type\":\"ListItem\",\"position\":2,\"name\":\"\"},{\"@type\":\"ListItem\",\"position\":3,\"name\":\"CABAS DAN FANI\"}]}]}<\/script>\n<!-- \/ Yoast SEO plugin. -->","yoast_head_json":{"title":"Cabas de plage - Mod\u00e8le Dan Fani - Motif orange - Afrika Tiss","description":"Grand cabas de plage en coton tiss\u00e9 \u00e0 la main au Burkina Faso, le cabas Dan Fani sera votre compagnon id\u00e9al pour la plage ou vos pique-niques.","robots":{"index":"index","follow":"follow","max-snippet":"max-snippet:-1","max-image-preview":"max-image-preview:large","max-video-preview":"max-video-preview:-1"},"canonical":"https:\/\/www.afrikatiss.org\/en\/produit\/cabas-de-plage\/","og_locale":"en_US","og_type":"article","og_title":"Cabas de plage - Mod\u00e8le Dan Fani - Motif orange - Afrika Tiss","og_description":"Grand cabas de plage en coton tiss\u00e9 \u00e0 la main au Burkina Faso, le cabas Dan Fani sera votre compagnon id\u00e9al pour la plage ou vos pique-niques.","og_url":"https:\/\/www.afrikatiss.org\/en\/produit\/cabas-de-plage\/","og_site_name":"Afrika Tiss","article_modified_time":"2025-07-18T15:21:01+00:00","og_image":[{"width":1575,"height":1575,"url":"https:\/\/www.afrikatiss.org\/wp-content\/uploads\/2019\/06\/DSC_8016-1.jpg","path":"\/home\/afrikati\/www\/wp-content\/uploads\/2019\/06\/DSC_8016-1.jpg","size":"full","id":9335,"alt":"cabas de plage","pixels":2480625,"type":"image\/jpeg"}],"twitter_card":"summary_large_image","twitter_misc":{"Est. reading time":"2 minutes"},"schema":{"@context":"https:\/\/schema.org","@graph":[{"@type":"WebSite","@id":"https:\/\/www.afrikatiss.org\/#website","url":"https:\/\/www.afrikatiss.org\/","name":"Afrika Tiss","description":"artisanat solidaire ","potentialAction":[{"@type":"SearchAction","target":{"@type":"EntryPoint","urlTemplate":"https:\/\/www.afrikatiss.org\/?s={search_term_string}"},"query-input":"required name=search_term_string"}],"inLanguage":"en-US"},{"@type":"ImageObject","@id":"https:\/\/www.afrikatiss.org\/en\/produit\/cabas-de-plage\/#primaryimage","inLanguage":"en-US","url":"https:\/\/www.afrikatiss.org\/wp-content\/uploads\/2019\/06\/DSC_8016-1.jpg","contentUrl":"https:\/\/www.afrikatiss.org\/wp-content\/uploads\/2019\/06\/DSC_8016-1.jpg","width":1575,"height":1575,"caption":"cabas plage rayures bleus-oranges"},{"@type":"WebPage","@id":"https:\/\/www.afrikatiss.org\/en\/produit\/cabas-de-plage\/#webpage","url":"https:\/\/www.afrikatiss.org\/en\/produit\/cabas-de-plage\/","name":"Cabas de plage - Mod\u00e8le Dan Fani - Motif orange - Afrika Tiss","isPartOf":{"@id":"https:\/\/www.afrikatiss.org\/#website"},"primaryImageOfPage":{"@id":"https:\/\/www.afrikatiss.org\/en\/produit\/cabas-de-plage\/#primaryimage"},"datePublished":"2019-06-10T19:40:57+00:00","dateModified":"2025-07-18T15:21:01+00:00","description":"Grand cabas de plage en coton tiss\u00e9 \u00e0 la main au Burkina Faso, le cabas Dan Fani sera votre compagnon id\u00e9al pour la plage ou vos pique-niques.","breadcrumb":{"@id":"https:\/\/www.afrikatiss.org\/en\/produit\/cabas-de-plage\/#breadcrumb"},"inLanguage":"en-US","potentialAction":[{"@type":"ReadAction","target":["https:\/\/www.afrikatiss.org\/en\/produit\/cabas-de-plage\/"]}]},{"@type":"BreadcrumbList","@id":"https:\/\/www.afrikatiss.org\/en\/produit\/cabas-de-plage\/#breadcrumb","itemListElement":[{"@type":"ListItem","position":1,"name":"Accueil","item":"https:\/\/www.afrikatiss.org\/"},{"@type":"ListItem","position":2,"name":""},{"@type":"ListItem","position":3,"name":"CABAS DAN FANI"}]}]}},"jetpack_publicize_connections":[],"jetpack_sharing_enabled":true,"_links":{"self":[{"href":"https:\/\/www.afrikatiss.org\/en\/wp-json\/wp\/v2\/product\/9331"}],"collection":[{"href":"https:\/\/www.afrikatiss.org\/en\/wp-json\/wp\/v2\/product"}],"about":[{"href":"https:\/\/www.afrikatiss.org\/en\/wp-json\/wp\/v2\/types\/product"}],"replies":[{"embeddable":true,"href":"https:\/\/www.afrikatiss.org\/en\/wp-json\/wp\/v2\/comments?post=9331"}],"wp:featuredmedia":[{"embeddable":true,"href":"https:\/\/www.afrikatiss.org\/en\/wp-json\/wp\/v2\/media\/9335"}],"wp:attachment":[{"href":"https:\/\/www.afrikatiss.org\/en\/wp-json\/wp\/v2\/media?parent=9331"}],"wp:term":[{"taxonomy":"product_cat","embeddable":true,"href":"https:\/\/www.afrikatiss.org\/en\/wp-json\/wp\/v2\/product_cat?post=9331"},{"taxonomy":"product_tag","embeddable":true,"href":"https:\/\/www.afrikatiss.org\/en\/wp-json\/wp\/v2\/product_tag?post=9331"}],"curies":[{"name":"wp","href":"https:\/\/api.w.org\/{rel}","templated":true}]}}