{"id":9739,"date":"2019-06-16T23:23:45","date_gmt":"2019-06-16T23:23:45","guid":{"rendered":"http:\/\/www.afrikatiss.org\/?post_type=product&#038;p=9739"},"modified":"2026-04-04T07:34:51","modified_gmt":"2026-04-04T06:34:51","slug":"boucle-doreille-africaine","status":"publish","type":"product","link":"https:\/\/www.afrikatiss.org\/en\/produit\/boucle-doreille-africaine\/","title":{"rendered":"BOUCLES D&#8217;OREILLES OVALES &#8211; Cuir gain\u00e9"},"content":{"rendered":"<p>[et_pb_section fb_built=&#8221;1&#8243; _builder_version=&#8221;3.22&#8243; custom_padding=&#8221;0|0px|0px|0px|false|false&#8221;][et_pb_row _builder_version=&#8221;3.25&#8243; background_size=&#8221;initial&#8221; background_position=&#8221;top_left&#8221; background_repeat=&#8221;repeat&#8221; width=&#8221;100%&#8221; custom_padding=&#8221;0px||0px||false|false&#8221;][et_pb_column type=&#8221;4_4&#8243; _builder_version=&#8221;3.25&#8243; custom_padding=&#8221;|||&#8221; custom_padding__hover=&#8221;|||&#8221;][et_pb_wc_breadcrumb _builder_version=&#8221;3.0.47&#8243;][\/et_pb_wc_breadcrumb][et_pb_wc_cart_notice _builder_version=&#8221;3.0.47&#8243;][\/et_pb_wc_cart_notice][\/et_pb_column][\/et_pb_row][et_pb_row column_structure=&#8221;1_2,1_2&#8243; _builder_version=&#8221;3.25&#8243; background_size=&#8221;initial&#8221; background_position=&#8221;top_left&#8221; background_repeat=&#8221;repeat&#8221; width=&#8221;100%&#8221; custom_padding=&#8221;0px||||false|false&#8221;][et_pb_column type=&#8221;1_2&#8243; _builder_version=&#8221;3.25&#8243; custom_padding=&#8221;|||&#8221; custom_padding__hover=&#8221;|||&#8221;][et_pb_wc_images _builder_version=&#8221;3.0.47&#8243;][\/et_pb_wc_images][\/et_pb_column][et_pb_column type=&#8221;1_2&#8243; _builder_version=&#8221;3.25&#8243; custom_padding=&#8221;|||&#8221; custom_padding__hover=&#8221;|||&#8221;][et_pb_wc_title _builder_version=&#8221;4.7.4&#8243; header_text_color=&#8221;#4d5f70&#8243; hover_enabled=&#8221;0&#8243; header_font=&#8221;|||on|||||&#8221; sticky_enabled=&#8221;0&#8243;][\/et_pb_wc_title][et_pb_wc_rating _builder_version=&#8221;3.0.47&#8243;][\/et_pb_wc_rating][et_pb_wc_price _builder_version=&#8221;3.0.47&#8243;][\/et_pb_wc_price][et_pb_wc_description _builder_version=&#8221;3.0.47&#8243;][\/et_pb_wc_description][et_pb_wc_add_to_cart _builder_version=&#8221;3.0.47&#8243;][\/et_pb_wc_add_to_cart][et_pb_wc_meta _builder_version=&#8221;3.0.47&#8243;][\/et_pb_wc_meta][\/et_pb_column][\/et_pb_row][et_pb_row column_structure=&#8221;1_4,1_4,1_4,1_4&#8243; _builder_version=&#8221;3.25&#8243; custom_padding=&#8221;29px|0px|30px|0px|false|false&#8221;][et_pb_column type=&#8221;1_4&#8243; _builder_version=&#8221;3.25&#8243; custom_padding__hover=&#8221;|||&#8221;][et_pb_image src=&#8221;https:\/\/www.afrikatiss.org\/wp-content\/uploads\/2019\/03\/box-2.png&#8221; alt=&#8221;boucle d&#8217;oreille africaine&#8221; _builder_version=&#8221;4.7.4&#8243; max_width=&#8221;15%&#8221; module_alignment=&#8221;center&#8221;][\/et_pb_image][et_pb_text _builder_version=&#8221;3.27.4&#8243;]<\/p>\n<p style=\"text-align: center;\">Livraison \u00e0 domicile \/ en point relais\u00a0<em>(GRATUIT \u00e0 partir de 75\u20ac)<\/em><\/p>\n<p>[\/et_pb_text][\/et_pb_column][et_pb_column type=&#8221;1_4&#8243; _builder_version=&#8221;3.25&#8243; custom_padding__hover=&#8221;|||&#8221;][et_pb_image src=&#8221;https:\/\/www.afrikatiss.org\/wp-content\/uploads\/2019\/03\/lock-3.png&#8221; alt=&#8221;boucle d&#8217;oreille africaine&#8221; _builder_version=&#8221;4.7.4&#8243; max_width=&#8221;15%&#8221; module_alignment=&#8221;center&#8221;][\/et_pb_image][et_pb_text _builder_version=&#8221;3.27.4&#8243;]<\/p>\n<p style=\"text-align: center;\">Paiement 100% s\u00e9curis\u00e9 en CB<\/p>\n<p>[\/et_pb_text][\/et_pb_column][et_pb_column type=&#8221;1_4&#8243; _builder_version=&#8221;3.25&#8243; custom_padding__hover=&#8221;|||&#8221;][et_pb_image src=&#8221;https:\/\/www.afrikatiss.org\/wp-content\/uploads\/2019\/03\/recommended.png&#8221; _builder_version=&#8221;3.23&#8243; max_width=&#8221;15%&#8221; module_alignment=&#8221;center&#8221;][\/et_pb_image][et_pb_text _builder_version=&#8221;3.27.4&#8243;]<\/p>\n<p style=\"text-align: center;\">Boucles d&#8217;oreilles fait \u00e0 la main au Burkina Faso<\/p>\n<p>[\/et_pb_text][\/et_pb_column][et_pb_column type=&#8221;1_4&#8243; _builder_version=&#8221;3.25&#8243; custom_padding__hover=&#8221;|||&#8221;][et_pb_image src=&#8221;https:\/\/www.afrikatiss.org\/wp-content\/uploads\/2019\/03\/exchange-arrows.png&#8221; _builder_version=&#8221;3.23&#8243; max_width=&#8221;15%&#8221; module_alignment=&#8221;center&#8221;][\/et_pb_image][et_pb_text _builder_version=&#8221;3.27.4&#8243;]<\/p>\n<p style=\"text-align: center;\">Echange<em> GRATUIT<\/em><\/p>\n<p>[\/et_pb_text][\/et_pb_column][\/et_pb_row][et_pb_row _builder_version=&#8221;3.25&#8243; background_size=&#8221;initial&#8221; background_position=&#8221;top_left&#8221; background_repeat=&#8221;repeat&#8221; width=&#8221;100%&#8221;][et_pb_column type=&#8221;4_4&#8243; _builder_version=&#8221;3.25&#8243; custom_padding=&#8221;|||&#8221; custom_padding__hover=&#8221;|||&#8221;][et_pb_wc_tabs _builder_version=&#8221;3.0.47&#8243;]\t\t\t\t\t[\/et_pb_wc_tabs][et_pb_wc_upsells _builder_version=&#8221;4.7.4&#8243; hover_enabled=&#8221;0&#8243; sticky_enabled=&#8221;0&#8243;][\/et_pb_wc_upsells][et_pb_wc_related_products _builder_version=&#8221;4.7.4&#8243; hover_enabled=&#8221;0&#8243; sticky_enabled=&#8221;0&#8243;][\/et_pb_wc_related_products][\/et_pb_column][\/et_pb_row][\/et_pb_section]<\/p>\n","protected":false},"excerpt":{"rendered":"<p><span style=\"font-weight: 400;\">Accessoirisez votre tenue avec cette paire de boucle d\u2019oreille africaine bi-mati\u00e8re. Nos bijoux sont r\u00e9alis\u00e9s \u00e0 la main par de talentueux artisans Touaregs r\u00e9sidant dans des camps de r\u00e9fugi\u00e9s au Nord du Burkina Faso. <\/span><\/p>\n<p><span style=\"font-weight: 400;\">L\u2019\u00e9l\u00e9gance du cuir combin\u00e9e \u00e0 l\u2019\u00e9clat du m\u00e9tal martel\u00e9 en font des bijoux raffin\u00e9s et uniques.<\/span><\/p>\n","protected":false},"featured_media":9749,"comment_status":"open","ping_status":"closed","template":"","meta":{"_et_pb_use_builder":"on","_et_pb_old_content":"<div class=\"et_pb_module et_pb_text et_pb_text_4 et_pb_text_align_left et_pb_bg_layout_light\">\r\n<div class=\"et_pb_text_inner\">\r\n<h2><strong>Boucle d\u2019oreille africaine<\/strong><\/h2>\r\n<strong>Afrika Tiss\u00a0<\/strong>met en place des initiatives visant \u00e0 promouvoir l\u2019artisanat comme levier de d\u00e9veloppement \u00e9conomique et social.\u00a0Les objets cr\u00e9\u00e9s par les artisans que nous soutenons sont vendus sur le march\u00e9 local et\u00a0international, afin de leur garantir un revenu juste et r\u00e9gulier.\r\n\r\nCette paire de\u00a0<strong>boucle d\u2019oreille africaine en cuir gain\u00e9 sur feuille de bronze<\/strong>\u00a0ont \u00e9t\u00e9 r\u00e9alis\u00e9es par un artisan Touareg malien dans le cadre du projet <strong>Design for Peace<\/strong>. Mis en place\u00a0en partenariat avec le UNHCR, ce programme a pour objectif de favoriser l\u2019autonomie financi\u00e8re d\u2019artisans r\u00e9fugi\u00e9s maliens en situation d\u2019exil prolong\u00e9 au Burkina Faso.\r\n\r\nA partir de leurs savoir-faire enrichis par des collaborations artistiques multiculturelles, Design for Peace vise \u00e0 renforcer leurs capacit\u00e9s de production et de commercialisation \u00e0 travers un accompagnement global.\r\n\r\nEn optant pour cette paire de <strong>boucle d\u2019oreille africaine<\/strong> originale et authentique, vous faites aussi le choix d\u2019un <strong>artisanat solidaire<\/strong>, respectueux de l\u2019Homme et de l\u2019environnement.\r\n\r\n<strong>Conseils d\u2019entretien<\/strong> :\u00a0le cuir peut \u00eatre nourri et imperm\u00e9abilis\u00e9 avec des produits appropri\u00e9s.\r\n\r\n<\/div>\r\n<\/div>","_et_gb_content_width":"","spay_email":"","jetpack_publicize_message":"","jetpack_is_tweetstorm":false},"product_cat":[182,217,306,224,213,227,268],"product_tag":[],"yoast_head":"<!-- This site is optimized with the Yoast SEO plugin v16.7 - https:\/\/yoast.com\/wordpress\/plugins\/seo\/ -->\n<title>Boucle d&#039;oreille africaine - Cuir gain\u00e9 ovale - Bijoux Touareg - Afrika Tiss<\/title>\n<meta name=\"description\" content=\"Accessoirisez votre tenue avec cette paire de boucle d\u2019oreille africaine, r\u00e9alis\u00e9e \u00e0 la main par de talentueux artisans Touaregs maliens.\" \/>\n<meta name=\"robots\" content=\"index, follow, max-snippet:-1, max-image-preview:large, max-video-preview:-1\" \/>\n<link rel=\"canonical\" href=\"https:\/\/www.afrikatiss.org\/en\/produit\/boucle-doreille-africaine\/\" \/>\n<meta property=\"og:locale\" content=\"en_US\" \/>\n<meta property=\"og:type\" content=\"article\" \/>\n<meta property=\"og:title\" content=\"Boucle d&#039;oreille africaine - Cuir gain\u00e9 ovale - Bijoux Touareg - Afrika Tiss\" \/>\n<meta property=\"og:description\" content=\"Accessoirisez votre tenue avec cette paire de boucle d\u2019oreille africaine, r\u00e9alis\u00e9e \u00e0 la main par de talentueux artisans Touaregs maliens.\" \/>\n<meta property=\"og:url\" content=\"https:\/\/www.afrikatiss.org\/produit\/boucle-doreille-africaine\/\" \/>\n<meta property=\"og:site_name\" content=\"Afrika Tiss\" \/>\n<meta property=\"article:modified_time\" content=\"2026-04-04T06:34:51+00:00\" \/>\n<meta property=\"og:image\" content=\"https:\/\/www.afrikatiss.org\/wp-content\/uploads\/2019\/06\/DSC_7932.jpg\" \/>\n\t<meta property=\"og:image:width\" content=\"1575\" \/>\n\t<meta property=\"og:image:height\" content=\"1575\" \/>\n<meta name=\"twitter:card\" content=\"summary_large_image\" \/>\n<meta name=\"twitter:label1\" content=\"Est. reading time\" \/>\n\t<meta name=\"twitter:data1\" content=\"3 minutes\" \/>\n<script type=\"application\/ld+json\" class=\"yoast-schema-graph\">{\"@context\":\"https:\/\/schema.org\",\"@graph\":[{\"@type\":\"WebSite\",\"@id\":\"https:\/\/www.afrikatiss.org\/#website\",\"url\":\"https:\/\/www.afrikatiss.org\/\",\"name\":\"Afrika Tiss\",\"description\":\"artisanat solidaire \",\"potentialAction\":[{\"@type\":\"SearchAction\",\"target\":{\"@type\":\"EntryPoint\",\"urlTemplate\":\"https:\/\/www.afrikatiss.org\/?s={search_term_string}\"},\"query-input\":\"required name=search_term_string\"}],\"inLanguage\":\"en-US\"},{\"@type\":\"ImageObject\",\"@id\":\"https:\/\/www.afrikatiss.org\/produit\/boucle-doreille-africaine\/#primaryimage\",\"inLanguage\":\"en-US\",\"url\":\"https:\/\/www.afrikatiss.org\/wp-content\/uploads\/2019\/06\/DSC_7932.jpg\",\"contentUrl\":\"https:\/\/www.afrikatiss.org\/wp-content\/uploads\/2019\/06\/DSC_7932.jpg\",\"width\":1575,\"height\":1575,\"caption\":\"Boucles d'oreilles ovales en bronze martel\\u00e9 gain\\u00e9 du cuir bleu\"},{\"@type\":\"WebPage\",\"@id\":\"https:\/\/www.afrikatiss.org\/produit\/boucle-doreille-africaine\/#webpage\",\"url\":\"https:\/\/www.afrikatiss.org\/produit\/boucle-doreille-africaine\/\",\"name\":\"Boucle d'oreille africaine - Cuir gain\\u00e9 ovale - Bijoux Touareg - Afrika Tiss\",\"isPartOf\":{\"@id\":\"https:\/\/www.afrikatiss.org\/#website\"},\"primaryImageOfPage\":{\"@id\":\"https:\/\/www.afrikatiss.org\/produit\/boucle-doreille-africaine\/#primaryimage\"},\"datePublished\":\"2019-06-16T23:23:45+00:00\",\"dateModified\":\"2026-04-04T06:34:51+00:00\",\"description\":\"Accessoirisez votre tenue avec cette paire de boucle d\\u2019oreille africaine, r\\u00e9alis\\u00e9e \\u00e0 la main par de talentueux artisans Touaregs maliens.\",\"breadcrumb\":{\"@id\":\"https:\/\/www.afrikatiss.org\/produit\/boucle-doreille-africaine\/#breadcrumb\"},\"inLanguage\":\"en-US\",\"potentialAction\":[{\"@type\":\"ReadAction\",\"target\":[\"https:\/\/www.afrikatiss.org\/produit\/boucle-doreille-africaine\/\"]}]},{\"@type\":\"BreadcrumbList\",\"@id\":\"https:\/\/www.afrikatiss.org\/produit\/boucle-doreille-africaine\/#breadcrumb\",\"itemListElement\":[{\"@type\":\"ListItem\",\"position\":1,\"name\":\"Accueil\",\"item\":\"https:\/\/www.afrikatiss.org\/\"},{\"@type\":\"ListItem\",\"position\":2,\"name\":\"\"},{\"@type\":\"ListItem\",\"position\":3,\"name\":\"BOUCLES D&#8217;OREILLES OVALES &#8211; Cuir gain\\u00e9\"}]}]}<\/script>\n<!-- \/ Yoast SEO plugin. -->","yoast_head_json":{"title":"Boucle d'oreille africaine - Cuir gain\u00e9 ovale - Bijoux Touareg - Afrika Tiss","description":"Accessoirisez votre tenue avec cette paire de boucle d\u2019oreille africaine, r\u00e9alis\u00e9e \u00e0 la main par de talentueux artisans Touaregs maliens.","robots":{"index":"index","follow":"follow","max-snippet":"max-snippet:-1","max-image-preview":"max-image-preview:large","max-video-preview":"max-video-preview:-1"},"canonical":"https:\/\/www.afrikatiss.org\/en\/produit\/boucle-doreille-africaine\/","og_locale":"en_US","og_type":"article","og_title":"Boucle d'oreille africaine - Cuir gain\u00e9 ovale - Bijoux Touareg - Afrika Tiss","og_description":"Accessoirisez votre tenue avec cette paire de boucle d\u2019oreille africaine, r\u00e9alis\u00e9e \u00e0 la main par de talentueux artisans Touaregs maliens.","og_url":"https:\/\/www.afrikatiss.org\/produit\/boucle-doreille-africaine\/","og_site_name":"Afrika Tiss","article_modified_time":"2026-04-04T06:34:51+00:00","og_image":[{"width":1575,"height":1575,"url":"https:\/\/www.afrikatiss.org\/wp-content\/uploads\/2019\/06\/DSC_7932.jpg","path":"\/home\/afrikati\/www\/wp-content\/uploads\/2019\/06\/DSC_7932.jpg","size":"full","id":9749,"alt":"boucle d'oreille africaine","pixels":2480625,"type":"image\/jpeg"}],"twitter_card":"summary_large_image","twitter_misc":{"Est. reading time":"3 minutes"},"schema":{"@context":"https:\/\/schema.org","@graph":[{"@type":"WebSite","@id":"https:\/\/www.afrikatiss.org\/#website","url":"https:\/\/www.afrikatiss.org\/","name":"Afrika Tiss","description":"artisanat solidaire ","potentialAction":[{"@type":"SearchAction","target":{"@type":"EntryPoint","urlTemplate":"https:\/\/www.afrikatiss.org\/?s={search_term_string}"},"query-input":"required name=search_term_string"}],"inLanguage":"en-US"},{"@type":"ImageObject","@id":"https:\/\/www.afrikatiss.org\/produit\/boucle-doreille-africaine\/#primaryimage","inLanguage":"en-US","url":"https:\/\/www.afrikatiss.org\/wp-content\/uploads\/2019\/06\/DSC_7932.jpg","contentUrl":"https:\/\/www.afrikatiss.org\/wp-content\/uploads\/2019\/06\/DSC_7932.jpg","width":1575,"height":1575,"caption":"Boucles d'oreilles ovales en bronze martel\u00e9 gain\u00e9 du cuir bleu"},{"@type":"WebPage","@id":"https:\/\/www.afrikatiss.org\/produit\/boucle-doreille-africaine\/#webpage","url":"https:\/\/www.afrikatiss.org\/produit\/boucle-doreille-africaine\/","name":"Boucle d'oreille africaine - Cuir gain\u00e9 ovale - Bijoux Touareg - Afrika Tiss","isPartOf":{"@id":"https:\/\/www.afrikatiss.org\/#website"},"primaryImageOfPage":{"@id":"https:\/\/www.afrikatiss.org\/produit\/boucle-doreille-africaine\/#primaryimage"},"datePublished":"2019-06-16T23:23:45+00:00","dateModified":"2026-04-04T06:34:51+00:00","description":"Accessoirisez votre tenue avec cette paire de boucle d\u2019oreille africaine, r\u00e9alis\u00e9e \u00e0 la main par de talentueux artisans Touaregs maliens.","breadcrumb":{"@id":"https:\/\/www.afrikatiss.org\/produit\/boucle-doreille-africaine\/#breadcrumb"},"inLanguage":"en-US","potentialAction":[{"@type":"ReadAction","target":["https:\/\/www.afrikatiss.org\/produit\/boucle-doreille-africaine\/"]}]},{"@type":"BreadcrumbList","@id":"https:\/\/www.afrikatiss.org\/produit\/boucle-doreille-africaine\/#breadcrumb","itemListElement":[{"@type":"ListItem","position":1,"name":"Accueil","item":"https:\/\/www.afrikatiss.org\/"},{"@type":"ListItem","position":2,"name":""},{"@type":"ListItem","position":3,"name":"BOUCLES D&#8217;OREILLES OVALES &#8211; Cuir gain\u00e9"}]}]}},"jetpack_publicize_connections":[],"jetpack_sharing_enabled":true,"_links":{"self":[{"href":"https:\/\/www.afrikatiss.org\/en\/wp-json\/wp\/v2\/product\/9739"}],"collection":[{"href":"https:\/\/www.afrikatiss.org\/en\/wp-json\/wp\/v2\/product"}],"about":[{"href":"https:\/\/www.afrikatiss.org\/en\/wp-json\/wp\/v2\/types\/product"}],"replies":[{"embeddable":true,"href":"https:\/\/www.afrikatiss.org\/en\/wp-json\/wp\/v2\/comments?post=9739"}],"wp:featuredmedia":[{"embeddable":true,"href":"https:\/\/www.afrikatiss.org\/en\/wp-json\/wp\/v2\/media\/9749"}],"wp:attachment":[{"href":"https:\/\/www.afrikatiss.org\/en\/wp-json\/wp\/v2\/media?parent=9739"}],"wp:term":[{"taxonomy":"product_cat","embeddable":true,"href":"https:\/\/www.afrikatiss.org\/en\/wp-json\/wp\/v2\/product_cat?post=9739"},{"taxonomy":"product_tag","embeddable":true,"href":"https:\/\/www.afrikatiss.org\/en\/wp-json\/wp\/v2\/product_tag?post=9739"}],"curies":[{"name":"wp","href":"https:\/\/api.w.org\/{rel}","templated":true}]}}